{"id":25723,"date":"2023-01-24T18:09:27","date_gmt":"2023-01-24T18:09:27","guid":{"rendered":"https:\/\/clinicamargarita.com\/service-plus\/"},"modified":"2025-10-18T01:04:29","modified_gmt":"2025-10-18T00:04:29","slug":"service-plus","status":"publish","type":"page","link":"https:\/\/clinicamargarita.com\/da\/service-plus\/","title":{"rendered":"Service Plus"},"content":{"rendered":"\t\t<div data-elementor-type=\"wp-page\" data-elementor-id=\"25723\" class=\"elementor elementor-25723\" data-elementor-post-type=\"page\">\n\t\t\t\t\t\t<section class=\"elementor-section elementor-top-section elementor-element elementor-element-24bd5d7 elementor-section-boxed elementor-section-height-default elementor-section-height-default sc_fly_static\" data-id=\"24bd5d7\" data-element_type=\"section\">\n\t\t\t\t\t\t<div class=\"elementor-container elementor-column-gap-extended\">\n\t\t\t\t\t<div class=\"elementor-column elementor-col-100 elementor-top-column elementor-element elementor-element-5e9293ee sc_content_align_inherit sc_layouts_column_icons_position_left sc_fly_static\" data-id=\"5e9293ee\" data-element_type=\"column\">\n\t\t\t<div class=\"elementor-widget-wrap elementor-element-populated\">\n\t\t\t\t\t\t<div class=\"elementor-element elementor-element-5956118 sc_fly_static elementor-widget elementor-widget-spacer\" data-id=\"5956118\" data-element_type=\"widget\" data-widget_type=\"spacer.default\">\n\t\t\t\t<div class=\"elementor-widget-container\">\n\t\t\t\t\t\t\t<div class=\"elementor-spacer\">\n\t\t\t<div class=\"elementor-spacer-inner\"><\/div>\n\t\t<\/div>\n\t\t\t\t\t\t<\/div>\n\t\t\t\t<\/div>\n\t\t\t\t\t<\/div>\n\t\t<\/div>\n\t\t\t\t\t<\/div>\n\t\t<\/section>\n\t\t\t\t<section class=\"elementor-section elementor-top-section elementor-element elementor-element-1f2f8894 elementor-section-boxed elementor-section-height-default elementor-section-height-default sc_fly_static\" data-id=\"1f2f8894\" data-element_type=\"section\">\n\t\t\t\t\t\t<div class=\"elementor-container elementor-column-gap-extended\">\n\t\t\t\t\t<div class=\"elementor-column elementor-col-100 elementor-top-column elementor-element elementor-element-c643e59 sc_content_align_inherit sc_layouts_column_icons_position_left sc_fly_static\" data-id=\"c643e59\" data-element_type=\"column\">\n\t\t\t<div class=\"elementor-widget-wrap elementor-element-populated\">\n\t\t\t\t\t\t<div class=\"elementor-element elementor-element-55413d6c sc_fly_static elementor-widget elementor-widget-trx_sc_title\" data-id=\"55413d6c\" data-element_type=\"widget\" data-widget_type=\"trx_sc_title.default\">\n\t\t\t\t<div class=\"elementor-widget-container\">\n\t\t\t\t\t<div\t\tclass=\"sc_title sc_title_default\" ><h1 class=\"sc_item_title sc_title_title sc_item_title_style_default sc_item_title_tag\"\n\t\t\t><span class=\"sc_item_title_text\">K\u00e6re kunder,<\/span><\/h1><\/div>\t\t\t\t<\/div>\n\t\t\t\t<\/div>\n\t\t\t\t<div class=\"elementor-element elementor-element-25bd66f9 sc_height_tiny sc_fly_static elementor-widget elementor-widget-spacer\" data-id=\"25bd66f9\" data-element_type=\"widget\" data-widget_type=\"spacer.default\">\n\t\t\t\t<div class=\"elementor-widget-container\">\n\t\t\t\t\t\t\t<div class=\"elementor-spacer\">\n\t\t\t<div class=\"elementor-spacer-inner\"><\/div>\n\t\t<\/div>\n\t\t\t\t\t\t<\/div>\n\t\t\t\t<\/div>\n\t\t\t\t<div class=\"elementor-element elementor-element-250f8c4a sc_fly_static elementor-widget elementor-widget-text-editor\" data-id=\"250f8c4a\" data-element_type=\"widget\" data-widget_type=\"text-editor.default\">\n\t\t\t\t<div class=\"elementor-widget-container\">\n\t\t\t\t\t\t\t\t\t<p>Vores prim\u00e6re m\u00e5l er at udvikle et sikkert og tilpasseligt tema-framework, der opfylder slutbrugerens behov. Derfor kan vores kunder oprette hjemmesider ved hj\u00e6lp af vores skabeloner lige s\u00e5 let som 1-2-3! Denne proces kr\u00e6ver minimal viden om WordPress og kodning, og omfattende dokumentation og vores supportteam st\u00e5r altid til din tjeneste. Vi beder dig dog om at huske, at problemer nogle gange opst\u00e5r, ikke p\u00e5 grund af skabelonernes funktionsfejl. Der kan v\u00e6re situationer, hvor det ikke afh\u00e6nger af os og frameworket. For eksempel serverindstillinger, ekstra funktionalitet, der kr\u00e6ver dyb filtilpasning, eller yderligere plugins-brug. Og selvf\u00f8lgelig et fors\u00f8g p\u00e5 at bygge en hjemmeside p\u00e5 meget kort tid.      <\/p><p>Vi kender vores tema-framework perfekt og har et yderst professionelt team af udviklere. De vil hj\u00e6lpe dig med at udvikle den hjemmeside, du har brug for. Hvis du har brug for tilpasning af hjemmesiden, skal du kontakte vores supportsystem for yderligere information: <a href=\"https:\/\/themerex.net\/support\/\" target=\"_blank\" rel=\"noopener noreferrer\">https:\/\/themerex.net\/support\/<\/a>  <\/p>\t\t\t\t\t\t\t\t<\/div>\n\t\t\t\t<\/div>\n\t\t\t\t\t<\/div>\n\t\t<\/div>\n\t\t\t\t\t<\/div>\n\t\t<\/section>\n\t\t\t\t<section class=\"elementor-section elementor-top-section elementor-element elementor-element-7c28d59e elementor-section-boxed elementor-section-height-default elementor-section-height-default sc_fly_static\" data-id=\"7c28d59e\" data-element_type=\"section\">\n\t\t\t\t\t\t<div class=\"elementor-container elementor-column-gap-extended\">\n\t\t\t\t\t<div class=\"elementor-column elementor-col-100 elementor-top-column elementor-element elementor-element-1fc59ffc sc_content_align_inherit sc_layouts_column_icons_position_left sc_fly_static\" data-id=\"1fc59ffc\" data-element_type=\"column\">\n\t\t\t<div class=\"elementor-widget-wrap elementor-element-populated\">\n\t\t\t\t\t\t<div class=\"elementor-element elementor-element-41471ef6 sc_height_huge sc_fly_static elementor-widget elementor-widget-spacer\" data-id=\"41471ef6\" data-element_type=\"widget\" data-widget_type=\"spacer.default\">\n\t\t\t\t<div class=\"elementor-widget-container\">\n\t\t\t\t\t\t\t<div class=\"elementor-spacer\">\n\t\t\t<div class=\"elementor-spacer-inner\"><\/div>\n\t\t<\/div>\n\t\t\t\t\t\t<\/div>\n\t\t\t\t<\/div>\n\t\t\t\t<div class=\"elementor-element elementor-element-fc11123 sc_fly_static elementor-widget elementor-widget-spacer\" data-id=\"fc11123\" data-element_type=\"widget\" data-widget_type=\"spacer.default\">\n\t\t\t\t<div class=\"elementor-widget-container\">\n\t\t\t\t\t\t\t<div class=\"elementor-spacer\">\n\t\t\t<div class=\"elementor-spacer-inner\"><\/div>\n\t\t<\/div>\n\t\t\t\t\t\t<\/div>\n\t\t\t\t<\/div>\n\t\t\t\t<div class=\"elementor-element elementor-element-53f73a68 elementor-widget-divider--view-line sc_fly_static elementor-widget elementor-widget-divider\" data-id=\"53f73a68\" data-element_type=\"widget\" data-widget_type=\"divider.default\">\n\t\t\t\t<div class=\"elementor-widget-container\">\n\t\t\t\t\t\t\t<div class=\"elementor-divider\">\n\t\t\t<span class=\"elementor-divider-separator\">\n\t\t\t\t\t\t<\/span>\n\t\t<\/div>\n\t\t\t\t\t\t<\/div>\n\t\t\t\t<\/div>\n\t\t\t\t\t<\/div>\n\t\t<\/div>\n\t\t\t\t\t<\/div>\n\t\t<\/section>\n\t\t\t\t<section class=\"elementor-section elementor-top-section elementor-element elementor-element-43299d86 elementor-section-boxed elementor-section-height-default elementor-section-height-default sc_fly_static\" data-id=\"43299d86\" data-element_type=\"section\">\n\t\t\t\t\t\t<div class=\"elementor-container elementor-column-gap-extended\">\n\t\t\t\t\t<div class=\"elementor-column elementor-col-100 elementor-top-column elementor-element elementor-element-516d7360 sc_content_align_inherit sc_layouts_column_icons_position_left sc_fly_static\" data-id=\"516d7360\" data-element_type=\"column\">\n\t\t\t<div class=\"elementor-widget-wrap elementor-element-populated\">\n\t\t\t\t\t\t<div class=\"elementor-element elementor-element-7a1d34ef sc_height_huge sc_fly_static elementor-widget elementor-widget-spacer\" data-id=\"7a1d34ef\" data-element_type=\"widget\" data-widget_type=\"spacer.default\">\n\t\t\t\t<div class=\"elementor-widget-container\">\n\t\t\t\t\t\t\t<div class=\"elementor-spacer\">\n\t\t\t<div class=\"elementor-spacer-inner\"><\/div>\n\t\t<\/div>\n\t\t\t\t\t\t<\/div>\n\t\t\t\t<\/div>\n\t\t\t\t<div class=\"elementor-element elementor-element-9b19db5 sc_fly_static elementor-widget elementor-widget-spacer\" data-id=\"9b19db5\" data-element_type=\"widget\" data-widget_type=\"spacer.default\">\n\t\t\t\t<div class=\"elementor-widget-container\">\n\t\t\t\t\t\t\t<div class=\"elementor-spacer\">\n\t\t\t<div class=\"elementor-spacer-inner\"><\/div>\n\t\t<\/div>\n\t\t\t\t\t\t<\/div>\n\t\t\t\t<\/div>\n\t\t\t\t<div class=\"elementor-element elementor-element-351b395c sc_fly_static elementor-widget elementor-widget-trx_sc_title\" data-id=\"351b395c\" data-element_type=\"widget\" data-widget_type=\"trx_sc_title.default\">\n\t\t\t\t<div class=\"elementor-widget-container\">\n\t\t\t\t\t<div\t\tclass=\"sc_title sc_title_default\" ><span class=\"sc_item_subtitle sc_title_subtitle sc_align_center sc_item_subtitle_above sc_item_title_style_default\">Tilpasning<\/span><h1 class=\"sc_item_title sc_title_title sc_align_center sc_item_title_style_default sc_item_title_tag\"\n\t\t\t><span class=\"sc_item_title_text\">Pakker<\/span><\/h1><\/div>\t\t\t\t<\/div>\n\t\t\t\t<\/div>\n\t\t\t\t\t<\/div>\n\t\t<\/div>\n\t\t\t\t\t<\/div>\n\t\t<\/section>\n\t\t\t\t<section class=\"elementor-section elementor-top-section elementor-element elementor-element-c772a6b elementor-section-boxed elementor-section-height-default elementor-section-height-default sc_fly_static\" data-id=\"c772a6b\" data-element_type=\"section\">\n\t\t\t\t\t\t<div class=\"elementor-container elementor-column-gap-extended\">\n\t\t\t\t\t<div class=\"elementor-column elementor-col-100 elementor-top-column elementor-element elementor-element-640adbef sc_content_align_inherit sc_layouts_column_icons_position_left sc_fly_static\" data-id=\"640adbef\" data-element_type=\"column\">\n\t\t\t<div class=\"elementor-widget-wrap elementor-element-populated\">\n\t\t\t\t\t\t<div class=\"elementor-element elementor-element-11cf8e7f sc_height_small sc_fly_static elementor-widget elementor-widget-spacer\" data-id=\"11cf8e7f\" data-element_type=\"widget\" data-widget_type=\"spacer.default\">\n\t\t\t\t<div class=\"elementor-widget-container\">\n\t\t\t\t\t\t\t<div class=\"elementor-spacer\">\n\t\t\t<div class=\"elementor-spacer-inner\"><\/div>\n\t\t<\/div>\n\t\t\t\t\t\t<\/div>\n\t\t\t\t<\/div>\n\t\t\t\t\t<\/div>\n\t\t<\/div>\n\t\t\t\t\t<\/div>\n\t\t<\/section>\n\t\t\t\t<section class=\"elementor-section elementor-top-section elementor-element elementor-element-2e58d6ef elementor-section-boxed elementor-section-height-default elementor-section-height-default sc_fly_static\" data-id=\"2e58d6ef\" data-element_type=\"section\">\n\t\t\t\t\t\t<div class=\"elementor-container elementor-column-gap-extended\">\n\t\t\t\t\t<div class=\"elementor-column elementor-col-100 elementor-top-column elementor-element elementor-element-477fcda6 sc_content_align_inherit sc_layouts_column_icons_position_left sc_fly_static\" data-id=\"477fcda6\" data-element_type=\"column\">\n\t\t\t<div class=\"elementor-widget-wrap elementor-element-populated\">\n\t\t\t\t\t\t<div class=\"elementor-element elementor-element-4a9ff371 sc_fly_static elementor-widget elementor-widget-trx_sc_price\" data-id=\"4a9ff371\" data-element_type=\"widget\" data-widget_type=\"trx_sc_price.default\">\n\t\t\t\t<div class=\"elementor-widget-container\">\n\t\t\t\t\t<div  \r\n\tclass=\"sc_price sc_price_metro\"><div class=\"sc_price_columns_wrap sc_item_columns trx_addons_columns_wrap columns_padding_bottom columns_in_single_row\"><div class=\"trx_addons_column-1_3\"><div class=\"sc_price_item sc_price_item_metro\">\r\n\t\t\t<div class=\"sc_price_item_inner\"><div class=\"sc_price_item_info_top\"><h3 class=\"sc_price_item_title\"><span>Installation + logo\u00e6ndring<\/span><\/h3><\/div><div class=\"sc_price_item_info\"><div class=\"sc_price_item_price\"><span class=\"sc_price_item_price_before\">$<\/span><span class=\"sc_price_item_price_value\">45<\/span><\/div><div class=\"sc_price_item_details\"><ul>\n<li>Skabelonen installeres p\u00e5 din server n\u00f8jagtigt som demoen ser ud. Du f\u00e5r adgang til administrationspanelet for at administrere din hjemmeside. <\/li>\n<li>Vi erstatter skabelonens logo med dit p\u00e5 hver skabelonside. Logoet skal v\u00e6re af god kvalitet i .PSD, .EPS, .PNG, .JPG format. Logobredden skal v\u00e6re 300px og 600px<\/li>\n<\/ul>\n<\/div><\/div><!-- \/.sc_price_item_info --><\/div><!-- \/.sc_price_item_inner --><a href=\"https:\/\/themerex.net\/downloads\/theme-installation\/?utm_source=demosplus&#038;utm_medium=demosplus&#038;utm_campaign=demosplus\" class=\"sc_price_item_link sc_button\" target=\"_blank\" rel=\"noopener\">Grib dette tilbud<\/a><\/div><\/div><div class=\"trx_addons_column-1_3\"><div class=\"sc_price_item sc_price_active sc_price_item_metro\">\r\n\t\t\t<div class=\"sc_price_item_inner\"><div class=\"sc_price_item_info_top\"><h3 class=\"sc_price_item_title\"><span>Klar-til-brug hjemmeside<\/span><\/h3><\/div><div class=\"sc_price_item_info\"><div class=\"sc_price_item_price\"><span class=\"sc_price_item_price_before\">$<\/span><span class=\"sc_price_item_price_value\">469<\/span><\/div><div class=\"sc_price_item_details\"><ul>\n<li>Udskiftning af farveskema<\/li>\n<li>Google map med din adresse indstillet<\/li>\n<li>Udskiftning af indhold og billeder op til 6 sider (uden layout\u00e6ndring)<\/li>\n<li>Fjernelse af elementer, som du ikke har brug for p\u00e5 din hjemmeside<\/li>\n<li>Sociale ikoner indstillet (uden at \u00e6ndre temalayout)<\/li>\n<li>Udskiftning af farveskema<\/li>\n<\/ul>\n<\/div><\/div><!-- \/.sc_price_item_info --><\/div><!-- \/.sc_price_item_inner --><a href=\"https:\/\/themerex.net\/downloads\/ready-use-website\/?utm_source=demosplus&#038;utm_medium=demosplus&#038;utm_campaign=demosplus\" class=\"sc_price_item_link sc_button\" target=\"_blank\" rel=\"noopener\">Grib dette tilbud<\/a><\/div><\/div><div class=\"trx_addons_column-1_3\"><div class=\"sc_price_item sc_price_item_metro\">\r\n\t\t\t<div class=\"sc_price_item_inner\"><div class=\"sc_price_item_info_top\"><h3 class=\"sc_price_item_title\"><span>Fuld hjemmesidepakke<\/span><\/h3><\/div><div class=\"sc_price_item_info\"><div class=\"sc_price_item_price\"><span class=\"sc_price_item_price_before\">$<\/span><span class=\"sc_price_item_price_value\">699<\/span><\/div><div class=\"sc_price_item_details\"><ul>\n<li>WordPress og temainstallation<\/li>\n<li>Tilpasning af hjemmeside<\/li>\n<li>Indholdsudvikling (15 royaltyfrie billeder)<\/li>\n<li>Indholdsops\u00e6tning (tilf\u00f8jelse af 6 sider, 6 indl\u00e6g, Revolution sliders)<\/li>\n<li>SEO Essentials<\/li>\n<li>Optimering af hjemmesidens hastighed<\/li>\n<\/ul>\n<\/div><\/div><!-- \/.sc_price_item_info --><\/div><!-- \/.sc_price_item_inner --><a href=\"https:\/\/themerex.net\/downloads\/full-website-package\/?utm_source=demosplus&#038;utm_medium=demosplus&#038;utm_campaign=demosplus\" class=\"sc_price_item_link sc_button\" target=\"_blank\" rel=\"noopener\">Grib dette tilbud<\/a><\/div><\/div><\/div><\/div><!-- \/.sc_price -->\t\t\t\t<\/div>\n\t\t\t\t<\/div>\n\t\t\t\t\t<\/div>\n\t\t<\/div>\n\t\t\t\t\t<\/div>\n\t\t<\/section>\n\t\t\t\t<section class=\"elementor-section elementor-top-section elementor-element elementor-element-3818465a elementor-section-boxed elementor-section-height-default elementor-section-height-default sc_fly_static\" data-id=\"3818465a\" data-element_type=\"section\">\n\t\t\t\t\t\t<div class=\"elementor-container elementor-column-gap-extended\">\n\t\t\t\t\t<div class=\"elementor-column elementor-col-100 elementor-top-column elementor-element elementor-element-4a186b12 sc_content_align_inherit sc_layouts_column_icons_position_left sc_fly_static\" data-id=\"4a186b12\" data-element_type=\"column\">\n\t\t\t<div class=\"elementor-widget-wrap elementor-element-populated\">\n\t\t\t\t\t\t<div class=\"elementor-element elementor-element-46444925 sc_height_huge sc_fly_static elementor-widget elementor-widget-spacer\" data-id=\"46444925\" data-element_type=\"widget\" data-widget_type=\"spacer.default\">\n\t\t\t\t<div class=\"elementor-widget-container\">\n\t\t\t\t\t\t\t<div class=\"elementor-spacer\">\n\t\t\t<div class=\"elementor-spacer-inner\"><\/div>\n\t\t<\/div>\n\t\t\t\t\t\t<\/div>\n\t\t\t\t<\/div>\n\t\t\t\t<div class=\"elementor-element elementor-element-11cb67a sc_fly_static elementor-widget elementor-widget-spacer\" data-id=\"11cb67a\" data-element_type=\"widget\" data-widget_type=\"spacer.default\">\n\t\t\t\t<div class=\"elementor-widget-container\">\n\t\t\t\t\t\t\t<div class=\"elementor-spacer\">\n\t\t\t<div class=\"elementor-spacer-inner\"><\/div>\n\t\t<\/div>\n\t\t\t\t\t\t<\/div>\n\t\t\t\t<\/div>\n\t\t\t\t\t<\/div>\n\t\t<\/div>\n\t\t\t\t\t<\/div>\n\t\t<\/section>\n\t\t\t\t<\/div>\n\t\t","protected":false},"excerpt":{"rendered":"<p>K\u00e6re kunder, Vores prim\u00e6re m\u00e5l er at udvikle et sikkert og tilpasseligt tema-framework, der opfylder slutbrugerens behov. Derfor kan vores kunder oprette hjemmesider ved hj\u00e6lp af vores skabeloner lige s\u00e5 let som&hellip;<\/p>\n","protected":false},"author":1,"featured_media":0,"parent":0,"menu_order":0,"comment_status":"closed","ping_status":"closed","template":"","meta":{"footnotes":""},"class_list":["post-25723","page","type-page","status-publish","hentry"],"_links":{"self":[{"href":"https:\/\/clinicamargarita.com\/da\/wp-json\/wp\/v2\/pages\/25723","targetHints":{"allow":["GET"]}}],"collection":[{"href":"https:\/\/clinicamargarita.com\/da\/wp-json\/wp\/v2\/pages"}],"about":[{"href":"https:\/\/clinicamargarita.com\/da\/wp-json\/wp\/v2\/types\/page"}],"author":[{"embeddable":true,"href":"https:\/\/clinicamargarita.com\/da\/wp-json\/wp\/v2\/users\/1"}],"replies":[{"embeddable":true,"href":"https:\/\/clinicamargarita.com\/da\/wp-json\/wp\/v2\/comments?post=25723"}],"version-history":[{"count":1,"href":"https:\/\/clinicamargarita.com\/da\/wp-json\/wp\/v2\/pages\/25723\/revisions"}],"predecessor-version":[{"id":25724,"href":"https:\/\/clinicamargarita.com\/da\/wp-json\/wp\/v2\/pages\/25723\/revisions\/25724"}],"wp:attachment":[{"href":"https:\/\/clinicamargarita.com\/da\/wp-json\/wp\/v2\/media?parent=25723"}],"curies":[{"name":"wp","href":"https:\/\/api.w.org\/{rel}","templated":true}]}}