{"id":25760,"date":"2020-08-27T08:23:10","date_gmt":"2020-08-27T07:23:10","guid":{"rendered":"https:\/\/clinicamargarita.com\/privatlivspolitik\/"},"modified":"2025-10-19T22:01:04","modified_gmt":"2025-10-19T21:01:04","slug":"privatlivspolitik","status":"publish","type":"page","link":"https:\/\/clinicamargarita.com\/da\/privatlivspolitik\/","title":{"rendered":"Privatlivspolitik"},"content":{"rendered":"\t\t<div data-elementor-type=\"wp-page\" data-elementor-id=\"25760\" class=\"elementor elementor-25760 elementor-12954\" data-elementor-post-type=\"page\">\n\t\t\t\t\t\t<section class=\"elementor-section elementor-top-section elementor-element elementor-element-2d90d173 elementor-section-boxed elementor-section-height-default elementor-section-height-default sc_fly_static\" data-id=\"2d90d173\" data-element_type=\"section\" data-settings=\"{&quot;background_background&quot;:&quot;classic&quot;}\">\n\t\t\t\t\t\t<div class=\"elementor-container elementor-column-gap-extended\">\n\t\t\t\t\t<div class=\"elementor-column elementor-col-100 elementor-top-column elementor-element elementor-element-45294a64 sc_content_align_inherit sc_layouts_column_icons_position_left sc_fly_static\" data-id=\"45294a64\" data-element_type=\"column\">\n\t\t\t<div class=\"elementor-widget-wrap elementor-element-populated\">\n\t\t\t\t\t\t<div class=\"elementor-element elementor-element-6ddee20d sc_fly_static elementor-widget elementor-widget-text-editor\" data-id=\"6ddee20d\" data-element_type=\"widget\" data-widget_type=\"text-editor.default\">\n\t\t\t\t<div class=\"elementor-widget-container\">\n\t\t\t\t\t\t\t\t\t<h6><strong>1. Identitet p\u00e5 den dataansvarlige<\/strong><\/h6><p>Den ansvarlige for behandlingen af de personoplysninger, der indsamles p\u00e5 dette websted, er:<\/p><ul><li><p><b>Virksomhedsnavn:<\/b> Cl\u00ednica Margarita Martinmingorance, S.L.U.<\/p><\/li><li><p><b>NIF:<\/b> B-75919225<\/p><\/li><li><p><b>Direcci\u00f3n: <\/b>C\/ Isla Margarita, 29, 35109 &#8211; El Tablero (Las Palmas), Espa\u00f1a<\/p><\/li><li><p><b>Kontakt-e-mail:<\/b> <code>info@clinicamargarita.com<\/code><\/p><\/li><\/ul>\t\t\t\t\t\t\t\t<\/div>\n\t\t\t\t<\/div>\n\t\t\t\t\t<\/div>\n\t\t<\/div>\n\t\t\t\t\t<\/div>\n\t\t<\/section>\n\t\t\t\t<section class=\"elementor-section elementor-top-section elementor-element elementor-element-4cb1f891 elementor-section-boxed elementor-section-height-default elementor-section-height-default sc_fly_static\" data-id=\"4cb1f891\" data-element_type=\"section\">\n\t\t\t\t\t\t<div class=\"elementor-container elementor-column-gap-extended\">\n\t\t\t\t\t<div class=\"elementor-column elementor-col-100 elementor-top-column elementor-element elementor-element-197299c8 sc_content_align_inherit sc_layouts_column_icons_position_left sc_fly_static\" data-id=\"197299c8\" data-element_type=\"column\">\n\t\t\t<div class=\"elementor-widget-wrap elementor-element-populated\">\n\t\t\t\t\t\t<div class=\"elementor-element elementor-element-3920be4e sc_fly_static elementor-widget elementor-widget-spacer\" data-id=\"3920be4e\" data-element_type=\"widget\" data-widget_type=\"spacer.default\">\n\t\t\t\t<div class=\"elementor-widget-container\">\n\t\t\t\t\t\t\t<div class=\"elementor-spacer\">\n\t\t\t<div class=\"elementor-spacer-inner\"><\/div>\n\t\t<\/div>\n\t\t\t\t\t\t<\/div>\n\t\t\t\t<\/div>\n\t\t\t\t\t<\/div>\n\t\t<\/div>\n\t\t\t\t\t<\/div>\n\t\t<\/section>\n\t\t\t\t<section class=\"elementor-section elementor-top-section elementor-element elementor-element-4a2eeb43 elementor-section-boxed elementor-section-height-default elementor-section-height-default sc_fly_static\" data-id=\"4a2eeb43\" data-element_type=\"section\" data-settings=\"{&quot;background_background&quot;:&quot;classic&quot;}\">\n\t\t\t\t\t\t<div class=\"elementor-container elementor-column-gap-extended\">\n\t\t\t\t\t<div class=\"elementor-column elementor-col-100 elementor-top-column elementor-element elementor-element-590798dd sc_content_align_inherit sc_layouts_column_icons_position_left sc_fly_static\" data-id=\"590798dd\" data-element_type=\"column\">\n\t\t\t<div class=\"elementor-widget-wrap elementor-element-populated\">\n\t\t\t\t\t\t<div class=\"elementor-element elementor-element-1c38b8e sc_fly_static elementor-widget elementor-widget-text-editor\" data-id=\"1c38b8e\" data-element_type=\"widget\" data-widget_type=\"text-editor.default\">\n\t\t\t\t<div class=\"elementor-widget-container\">\n\t\t\t\t\t\t\t\t\t<h5>2. Hvilke personoplysninger vi indsamler og hvorfor<\/h5><ul><li><p>Kontaktformularer: N\u00e5r du kontakter os via formularerne p\u00e5 vores hjemmeside, indsamler vi de oplysninger, du giver (navn, e-mail, telefonnummer og besked) udelukkende for at besvare din henvendelse og administrere en mulig aftale.<\/p><\/li><li><p>Cookies og brugsdata: Vi bruger tekniske cookies, der er n\u00f8dvendige for webstedets drift. Vi bruger ogs\u00e5 analytiske cookies (via Google Analytics) anonymt for at forst\u00e5, hvordan bes\u00f8gende interagerer med vores side og forbedre den. Ingen identificerbare data gemmes.<br>  <\/p><\/li><\/ul>\t\t\t\t\t\t\t\t<\/div>\n\t\t\t\t<\/div>\n\t\t\t\t\t<\/div>\n\t\t<\/div>\n\t\t\t\t\t<\/div>\n\t\t<\/section>\n\t\t\t\t<section class=\"elementor-section elementor-top-section elementor-element elementor-element-130d837b elementor-section-boxed elementor-section-height-default elementor-section-height-default sc_fly_static\" data-id=\"130d837b\" data-element_type=\"section\">\n\t\t\t\t\t\t<div class=\"elementor-container elementor-column-gap-extended\">\n\t\t\t\t\t<div class=\"elementor-column elementor-col-100 elementor-top-column elementor-element elementor-element-7fbb804b sc_content_align_inherit sc_layouts_column_icons_position_left sc_fly_static\" data-id=\"7fbb804b\" data-element_type=\"column\">\n\t\t\t<div class=\"elementor-widget-wrap elementor-element-populated\">\n\t\t\t\t\t\t<div class=\"elementor-element elementor-element-14dd4d92 sc_fly_static elementor-widget elementor-widget-spacer\" data-id=\"14dd4d92\" data-element_type=\"widget\" data-widget_type=\"spacer.default\">\n\t\t\t\t<div class=\"elementor-widget-container\">\n\t\t\t\t\t\t\t<div class=\"elementor-spacer\">\n\t\t\t<div class=\"elementor-spacer-inner\"><\/div>\n\t\t<\/div>\n\t\t\t\t\t\t<\/div>\n\t\t\t\t<\/div>\n\t\t\t\t\t<\/div>\n\t\t<\/div>\n\t\t\t\t\t<\/div>\n\t\t<\/section>\n\t\t\t\t<section class=\"elementor-section elementor-top-section elementor-element elementor-element-3c4c8296 elementor-section-boxed elementor-section-height-default elementor-section-height-default sc_fly_static\" data-id=\"3c4c8296\" data-element_type=\"section\" data-settings=\"{&quot;background_background&quot;:&quot;classic&quot;}\">\n\t\t\t\t\t\t<div class=\"elementor-container elementor-column-gap-extended\">\n\t\t\t\t\t<div class=\"elementor-column elementor-col-100 elementor-top-column elementor-element elementor-element-1c2e80d sc_content_align_inherit sc_layouts_column_icons_position_left sc_fly_static\" data-id=\"1c2e80d\" data-element_type=\"column\">\n\t\t\t<div class=\"elementor-widget-wrap elementor-element-populated\">\n\t\t\t\t\t\t<div class=\"elementor-element elementor-element-11f1186e sc_fly_static elementor-widget elementor-widget-text-editor\" data-id=\"11f1186e\" data-element_type=\"widget\" data-widget_type=\"text-editor.default\">\n\t\t\t\t<div class=\"elementor-widget-container\">\n\t\t\t\t\t\t\t\t\t<h6><b>3. Hvem vi deler dine data med<\/b><\/h6><p>Sus datos personales son confidenciales y no se ceder\u00e1n a terceros, salvo que exista una obligaci\u00f3n legal. Los datos de los formularios de contacto se almacenan en nuestro proveedor de correo electr\u00f3nico y hosting (Hostinger) para poder gestionar las comunicaciones. Google recibe datos de navegaci\u00f3n an\u00f3nimos para fines estad\u00edsticos.  <\/p><h6><b>4. Hvor l\u00e6nge vi opbevarer dine data<br><br><\/b><\/h6><p>Oplysninger, der gives via kontaktformularer, opbevares, s\u00e5 l\u00e6nge det er n\u00f8dvendigt for at h\u00e5ndtere din henvendelse og derefter i den periode, som loven kr\u00e6ver.<\/p>\t\t\t\t\t\t\t\t<\/div>\n\t\t\t\t<\/div>\n\t\t\t\t\t<\/div>\n\t\t<\/div>\n\t\t\t\t\t<\/div>\n\t\t<\/section>\n\t\t\t\t<section class=\"elementor-section elementor-top-section elementor-element elementor-element-209c1a1a elementor-section-boxed elementor-section-height-default elementor-section-height-default sc_fly_static\" data-id=\"209c1a1a\" data-element_type=\"section\">\n\t\t\t\t\t\t<div class=\"elementor-container elementor-column-gap-extended\">\n\t\t\t\t\t<div class=\"elementor-column elementor-col-100 elementor-top-column elementor-element elementor-element-f4881dc sc_content_align_inherit sc_layouts_column_icons_position_left sc_fly_static\" data-id=\"f4881dc\" data-element_type=\"column\">\n\t\t\t<div class=\"elementor-widget-wrap elementor-element-populated\">\n\t\t\t\t\t\t<div class=\"elementor-element elementor-element-194c4608 sc_fly_static elementor-widget elementor-widget-spacer\" data-id=\"194c4608\" data-element_type=\"widget\" data-widget_type=\"spacer.default\">\n\t\t\t\t<div class=\"elementor-widget-container\">\n\t\t\t\t\t\t\t<div class=\"elementor-spacer\">\n\t\t\t<div class=\"elementor-spacer-inner\"><\/div>\n\t\t<\/div>\n\t\t\t\t\t\t<\/div>\n\t\t\t\t<\/div>\n\t\t\t\t\t<\/div>\n\t\t<\/div>\n\t\t\t\t\t<\/div>\n\t\t<\/section>\n\t\t\t\t<section class=\"elementor-section elementor-top-section elementor-element elementor-element-5c9fa42c elementor-section-boxed elementor-section-height-default elementor-section-height-default sc_fly_static\" data-id=\"5c9fa42c\" data-element_type=\"section\" data-settings=\"{&quot;background_background&quot;:&quot;classic&quot;}\">\n\t\t\t\t\t\t<div class=\"elementor-container elementor-column-gap-extended\">\n\t\t\t\t\t<div class=\"elementor-column elementor-col-100 elementor-top-column elementor-element elementor-element-272a1c6a sc_content_align_inherit sc_layouts_column_icons_position_left sc_fly_static\" data-id=\"272a1c6a\" data-element_type=\"column\">\n\t\t\t<div class=\"elementor-widget-wrap elementor-element-populated\">\n\t\t\t\t\t\t<div class=\"elementor-element elementor-element-3dfa6d3f sc_fly_static elementor-widget elementor-widget-text-editor\" data-id=\"3dfa6d3f\" data-element_type=\"widget\" data-widget_type=\"text-editor.default\">\n\t\t\t\t<div class=\"elementor-widget-container\">\n\t\t\t\t\t\t\t\t\t<h6><b>5. Dine rettigheder vedr\u00f8rende dine data<\/b><\/h6><p>Du har ret til at:<\/p><ul><li><p>Anmode om adgang til dine personoplysninger.<\/p><\/li><li><p>Anmode om rettelse eller sletning af dine data.<\/p><\/li><li><p>Anmode om begr\u00e6nsning af behandlingen.<\/p><\/li><li><p>G\u00f8re indsigelse mod behandlingen.<\/p><\/li><li><p>Anmode om dataportabilitet.<\/p><\/li><\/ul><p>For at ud\u00f8ve disse rettigheder bedes du kontakte os via vores &lt;1&gt;info@clinicamargarita.com.<\/p><h6><b>6. Sikkerhedsforanstaltninger<\/b><\/h6><p>Vi bruger SSL\/HTTPS-protokollen p\u00e5 hele vores hjemmeside for at kryptere kommunikationen og beskytte dine data, hvilket sikrer fortrolighed og sikkerhed.<\/p>\t\t\t\t\t\t\t\t<\/div>\n\t\t\t\t<\/div>\n\t\t\t\t\t<\/div>\n\t\t<\/div>\n\t\t\t\t\t<\/div>\n\t\t<\/section>\n\t\t\t\t<section class=\"elementor-section elementor-top-section elementor-element elementor-element-53557063 elementor-section-boxed elementor-section-height-default elementor-section-height-default sc_fly_static\" data-id=\"53557063\" data-element_type=\"section\">\n\t\t\t\t\t\t<div class=\"elementor-container elementor-column-gap-extended\">\n\t\t\t\t\t<div class=\"elementor-column elementor-col-100 elementor-top-column elementor-element elementor-element-3ac89e9 sc_content_align_inherit sc_layouts_column_icons_position_left sc_fly_static\" data-id=\"3ac89e9\" data-element_type=\"column\">\n\t\t\t<div class=\"elementor-widget-wrap elementor-element-populated\">\n\t\t\t\t\t\t<div class=\"elementor-element elementor-element-1d33b5d3 sc_fly_static elementor-widget elementor-widget-spacer\" data-id=\"1d33b5d3\" data-element_type=\"widget\" data-widget_type=\"spacer.default\">\n\t\t\t\t<div class=\"elementor-widget-container\">\n\t\t\t\t\t\t\t<div class=\"elementor-spacer\">\n\t\t\t<div class=\"elementor-spacer-inner\"><\/div>\n\t\t<\/div>\n\t\t\t\t\t\t<\/div>\n\t\t\t\t<\/div>\n\t\t\t\t\t<\/div>\n\t\t<\/div>\n\t\t\t\t\t<\/div>\n\t\t<\/section>\n\t\t\t\t<section class=\"elementor-section elementor-top-section elementor-element elementor-element-54650226 elementor-section-boxed elementor-section-height-default elementor-section-height-default sc_fly_static\" data-id=\"54650226\" data-element_type=\"section\" data-settings=\"{&quot;background_background&quot;:&quot;classic&quot;}\">\n\t\t\t\t\t\t<div class=\"elementor-container elementor-column-gap-extended\">\n\t\t\t\t\t<div class=\"elementor-column elementor-col-100 elementor-top-column elementor-element elementor-element-4502f3fa sc_content_align_inherit sc_layouts_column_icons_position_left sc_fly_static\" data-id=\"4502f3fa\" data-element_type=\"column\">\n\t\t\t<div class=\"elementor-widget-wrap elementor-element-populated\">\n\t\t\t\t\t\t<div class=\"elementor-element elementor-element-1d8e1a0c sc_fly_static elementor-widget elementor-widget-text-editor\" data-id=\"1d8e1a0c\" data-element_type=\"widget\" data-widget_type=\"text-editor.default\">\n\t\t\t\t<div class=\"elementor-widget-container\">\n\t\t\t\t\t\t\t\t\t<h6><b>7. \u00c6ndringer i privatlivspolitikken<\/b><\/h6><p>Vi forbeholder os retten til at \u00e6ndre denne politik for at overholde nye lovkrav. Eventuelle \u00e6ndringer vil blive offentliggjort p\u00e5 denne hjemmeside. <\/p>\t\t\t\t\t\t\t\t<\/div>\n\t\t\t\t<\/div>\n\t\t\t\t\t<\/div>\n\t\t<\/div>\n\t\t\t\t\t<\/div>\n\t\t<\/section>\n\t\t\t\t<section class=\"elementor-section elementor-top-section elementor-element elementor-element-6a3b82d9 elementor-section-boxed elementor-section-height-default elementor-section-height-default sc_fly_static\" data-id=\"6a3b82d9\" data-element_type=\"section\">\n\t\t\t\t\t\t<div class=\"elementor-container elementor-column-gap-extended\">\n\t\t\t\t\t<div class=\"elementor-column elementor-col-100 elementor-top-column elementor-element elementor-element-4dbe5c5c sc_content_align_inherit sc_layouts_column_icons_position_left sc_fly_static\" data-id=\"4dbe5c5c\" data-element_type=\"column\">\n\t\t\t<div class=\"elementor-widget-wrap elementor-element-populated\">\n\t\t\t\t\t\t<div class=\"elementor-element elementor-element-7369a0b4 sc_fly_static elementor-widget elementor-widget-spacer\" data-id=\"7369a0b4\" data-element_type=\"widget\" data-widget_type=\"spacer.default\">\n\t\t\t\t<div class=\"elementor-widget-container\">\n\t\t\t\t\t\t\t<div class=\"elementor-spacer\">\n\t\t\t<div class=\"elementor-spacer-inner\"><\/div>\n\t\t<\/div>\n\t\t\t\t\t\t<\/div>\n\t\t\t\t<\/div>\n\t\t\t\t\t<\/div>\n\t\t<\/div>\n\t\t\t\t\t<\/div>\n\t\t<\/section>\n\t\t\t\t<section class=\"elementor-section elementor-top-section elementor-element elementor-element-4f1943ba elementor-section-boxed elementor-section-height-default elementor-section-height-default sc_fly_static\" data-id=\"4f1943ba\" data-element_type=\"section\" data-settings=\"{&quot;background_background&quot;:&quot;classic&quot;}\">\n\t\t\t\t\t\t<div class=\"elementor-container elementor-column-gap-extended\">\n\t\t\t\t\t<div class=\"elementor-column elementor-col-100 elementor-top-column elementor-element elementor-element-59b29791 sc_content_align_inherit sc_layouts_column_icons_position_left sc_fly_static\" data-id=\"59b29791\" data-element_type=\"column\">\n\t\t\t<div class=\"elementor-widget-wrap\">\n\t\t\t\t\t\t\t<\/div>\n\t\t<\/div>\n\t\t\t\t\t<\/div>\n\t\t<\/section>\n\t\t\t\t<section class=\"elementor-section elementor-top-section elementor-element elementor-element-586dfc11 elementor-section-boxed elementor-section-height-default elementor-section-height-default sc_fly_static\" data-id=\"586dfc11\" data-element_type=\"section\">\n\t\t\t\t\t\t<div class=\"elementor-container elementor-column-gap-extended\">\n\t\t\t\t\t<div class=\"elementor-column elementor-col-100 elementor-top-column elementor-element elementor-element-5feaef9d sc_content_align_inherit sc_layouts_column_icons_position_left sc_fly_static\" data-id=\"5feaef9d\" data-element_type=\"column\">\n\t\t\t<div class=\"elementor-widget-wrap\">\n\t\t\t\t\t\t\t<\/div>\n\t\t<\/div>\n\t\t\t\t\t<\/div>\n\t\t<\/section>\n\t\t\t\t<section class=\"elementor-section elementor-top-section elementor-element elementor-element-6ec445d1 elementor-section-boxed elementor-section-height-default elementor-section-height-default sc_fly_static\" data-id=\"6ec445d1\" data-element_type=\"section\" data-settings=\"{&quot;background_background&quot;:&quot;classic&quot;}\">\n\t\t\t\t\t\t<div class=\"elementor-container elementor-column-gap-extended\">\n\t\t\t\t\t<div class=\"elementor-column elementor-col-100 elementor-top-column elementor-element elementor-element-1abfc8c0 sc_content_align_inherit sc_layouts_column_icons_position_left sc_fly_static\" data-id=\"1abfc8c0\" data-element_type=\"column\">\n\t\t\t<div class=\"elementor-widget-wrap\">\n\t\t\t\t\t\t\t<\/div>\n\t\t<\/div>\n\t\t\t\t\t<\/div>\n\t\t<\/section>\n\t\t\t\t<section class=\"elementor-section elementor-top-section elementor-element elementor-element-65c916af elementor-section-boxed elementor-section-height-default elementor-section-height-default sc_fly_static\" data-id=\"65c916af\" data-element_type=\"section\">\n\t\t\t\t\t\t<div class=\"elementor-container elementor-column-gap-extended\">\n\t\t\t\t\t<div class=\"elementor-column elementor-col-100 elementor-top-column elementor-element elementor-element-20960827 sc_content_align_inherit sc_layouts_column_icons_position_left sc_fly_static\" data-id=\"20960827\" data-element_type=\"column\">\n\t\t\t<div class=\"elementor-widget-wrap\">\n\t\t\t\t\t\t\t<\/div>\n\t\t<\/div>\n\t\t\t\t\t<\/div>\n\t\t<\/section>\n\t\t\t\t<section class=\"elementor-section elementor-top-section elementor-element elementor-element-51b6dfd2 elementor-section-boxed elementor-section-height-default elementor-section-height-default sc_fly_static\" data-id=\"51b6dfd2\" data-element_type=\"section\" data-settings=\"{&quot;background_background&quot;:&quot;classic&quot;}\">\n\t\t\t\t\t\t<div class=\"elementor-container elementor-column-gap-extended\">\n\t\t\t\t\t<div class=\"elementor-column elementor-col-100 elementor-top-column elementor-element elementor-element-22bb717d sc_content_align_inherit sc_layouts_column_icons_position_left sc_fly_static\" data-id=\"22bb717d\" data-element_type=\"column\">\n\t\t\t<div class=\"elementor-widget-wrap\">\n\t\t\t\t\t\t\t<\/div>\n\t\t<\/div>\n\t\t\t\t\t<\/div>\n\t\t<\/section>\n\t\t\t\t<section class=\"elementor-section elementor-top-section elementor-element elementor-element-2e1c8549 elementor-section-boxed elementor-section-height-default elementor-section-height-default sc_fly_static\" data-id=\"2e1c8549\" data-element_type=\"section\">\n\t\t\t\t\t\t<div class=\"elementor-container elementor-column-gap-extended\">\n\t\t\t\t\t<div class=\"elementor-column elementor-col-100 elementor-top-column elementor-element elementor-element-6f43772e sc_content_align_inherit sc_layouts_column_icons_position_left sc_fly_static\" data-id=\"6f43772e\" data-element_type=\"column\">\n\t\t\t<div class=\"elementor-widget-wrap\">\n\t\t\t\t\t\t\t<\/div>\n\t\t<\/div>\n\t\t\t\t\t<\/div>\n\t\t<\/section>\n\t\t\t\t<section class=\"elementor-section elementor-top-section elementor-element elementor-element-4518a85a elementor-section-boxed elementor-section-height-default elementor-section-height-default sc_fly_static\" data-id=\"4518a85a\" data-element_type=\"section\" data-settings=\"{&quot;background_background&quot;:&quot;classic&quot;}\">\n\t\t\t\t\t\t<div class=\"elementor-container elementor-column-gap-extended\">\n\t\t\t\t\t<div class=\"elementor-column elementor-col-100 elementor-top-column elementor-element elementor-element-48b86b9d sc_content_align_inherit sc_layouts_column_icons_position_left sc_fly_static\" data-id=\"48b86b9d\" data-element_type=\"column\">\n\t\t\t<div class=\"elementor-widget-wrap\">\n\t\t\t\t\t\t\t<\/div>\n\t\t<\/div>\n\t\t\t\t\t<\/div>\n\t\t<\/section>\n\t\t\t\t<section class=\"elementor-section elementor-top-section elementor-element elementor-element-4a0a1255 elementor-section-boxed elementor-section-height-default elementor-section-height-default sc_fly_static\" data-id=\"4a0a1255\" data-element_type=\"section\">\n\t\t\t\t\t\t<div class=\"elementor-container elementor-column-gap-extended\">\n\t\t\t\t\t<div class=\"elementor-column elementor-col-100 elementor-top-column elementor-element elementor-element-2efc67b0 sc_content_align_inherit sc_layouts_column_icons_position_left sc_fly_static\" data-id=\"2efc67b0\" data-element_type=\"column\">\n\t\t\t<div class=\"elementor-widget-wrap elementor-element-populated\">\n\t\t\t\t\t\t<div class=\"elementor-element elementor-element-1cc4ca32 sc_fly_static elementor-widget elementor-widget-spacer\" data-id=\"1cc4ca32\" data-element_type=\"widget\" data-widget_type=\"spacer.default\">\n\t\t\t\t<div class=\"elementor-widget-container\">\n\t\t\t\t\t\t\t<div class=\"elementor-spacer\">\n\t\t\t<div class=\"elementor-spacer-inner\"><\/div>\n\t\t<\/div>\n\t\t\t\t\t\t<\/div>\n\t\t\t\t<\/div>\n\t\t\t\t\t<\/div>\n\t\t<\/div>\n\t\t\t\t\t<\/div>\n\t\t<\/section>\n\t\t\t\t<section class=\"elementor-section elementor-top-section elementor-element elementor-element-656f47e7 elementor-section-boxed elementor-section-height-default elementor-section-height-default sc_fly_static\" data-id=\"656f47e7\" data-element_type=\"section\">\n\t\t\t\t\t\t<div class=\"elementor-container elementor-column-gap-extended\">\n\t\t\t\t\t<div class=\"elementor-column elementor-col-100 elementor-top-column elementor-element elementor-element-7ccc11f0 sc_content_align_inherit sc_layouts_column_icons_position_left sc_fly_static\" data-id=\"7ccc11f0\" data-element_type=\"column\">\n\t\t\t<div class=\"elementor-widget-wrap elementor-element-populated\">\n\t\t\t\t\t\t<div class=\"elementor-element elementor-element-1585b2e sc_fly_static elementor-widget elementor-widget-spacer\" data-id=\"1585b2e\" data-element_type=\"widget\" data-widget_type=\"spacer.default\">\n\t\t\t\t<div class=\"elementor-widget-container\">\n\t\t\t\t\t\t\t<div class=\"elementor-spacer\">\n\t\t\t<div class=\"elementor-spacer-inner\"><\/div>\n\t\t<\/div>\n\t\t\t\t\t\t<\/div>\n\t\t\t\t<\/div>\n\t\t\t\t\t<\/div>\n\t\t<\/div>\n\t\t\t\t\t<\/div>\n\t\t<\/section>\n\t\t\t\t<\/div>\n\t\t","protected":false},"excerpt":{"rendered":"<p>1. Identitet p\u00e5 den dataansvarlige Den ansvarlige for behandlingen af de personoplysninger, der indsamles p\u00e5 dette websted, er: Virksomhedsnavn: Cl\u00ednica Margarita Martinmingorance, S.L.U. NIF: B-75919225 Direcci\u00f3n: C\/ Isla Margarita, 29, 35109 &#8211;&hellip;<\/p>\n","protected":false},"author":1,"featured_media":0,"parent":0,"menu_order":0,"comment_status":"closed","ping_status":"closed","template":"","meta":{"footnotes":""},"class_list":["post-25760","page","type-page","status-publish","hentry"],"_links":{"self":[{"href":"https:\/\/clinicamargarita.com\/da\/wp-json\/wp\/v2\/pages\/25760","targetHints":{"allow":["GET"]}}],"collection":[{"href":"https:\/\/clinicamargarita.com\/da\/wp-json\/wp\/v2\/pages"}],"about":[{"href":"https:\/\/clinicamargarita.com\/da\/wp-json\/wp\/v2\/types\/page"}],"author":[{"embeddable":true,"href":"https:\/\/clinicamargarita.com\/da\/wp-json\/wp\/v2\/users\/1"}],"replies":[{"embeddable":true,"href":"https:\/\/clinicamargarita.com\/da\/wp-json\/wp\/v2\/comments?post=25760"}],"version-history":[{"count":2,"href":"https:\/\/clinicamargarita.com\/da\/wp-json\/wp\/v2\/pages\/25760\/revisions"}],"predecessor-version":[{"id":26140,"href":"https:\/\/clinicamargarita.com\/da\/wp-json\/wp\/v2\/pages\/25760\/revisions\/26140"}],"wp:attachment":[{"href":"https:\/\/clinicamargarita.com\/da\/wp-json\/wp\/v2\/media?parent=25760"}],"curies":[{"name":"wp","href":"https:\/\/api.w.org\/{rel}","templated":true}]}}