{"id":25718,"date":"2023-01-24T18:09:27","date_gmt":"2023-01-24T18:09:27","guid":{"rendered":"https:\/\/clinicamargarita.com\/service-plus\/"},"modified":"2025-10-18T01:04:29","modified_gmt":"2025-10-18T00:04:29","slug":"service-plus","status":"publish","type":"page","link":"https:\/\/clinicamargarita.com\/de\/service-plus\/","title":{"rendered":"Service Plus"},"content":{"rendered":"\t\t<div data-elementor-type=\"wp-page\" data-elementor-id=\"25718\" class=\"elementor elementor-25718\" data-elementor-post-type=\"page\">\n\t\t\t\t\t\t<section class=\"elementor-section elementor-top-section elementor-element elementor-element-24bd5d7 elementor-section-boxed elementor-section-height-default elementor-section-height-default sc_fly_static\" data-id=\"24bd5d7\" data-element_type=\"section\">\n\t\t\t\t\t\t<div class=\"elementor-container elementor-column-gap-extended\">\n\t\t\t\t\t<div class=\"elementor-column elementor-col-100 elementor-top-column elementor-element elementor-element-5e9293ee sc_content_align_inherit sc_layouts_column_icons_position_left sc_fly_static\" data-id=\"5e9293ee\" data-element_type=\"column\">\n\t\t\t<div class=\"elementor-widget-wrap elementor-element-populated\">\n\t\t\t\t\t\t<div class=\"elementor-element elementor-element-5956118 sc_fly_static elementor-widget elementor-widget-spacer\" data-id=\"5956118\" data-element_type=\"widget\" data-widget_type=\"spacer.default\">\n\t\t\t\t<div class=\"elementor-widget-container\">\n\t\t\t\t\t\t\t<div class=\"elementor-spacer\">\n\t\t\t<div class=\"elementor-spacer-inner\"><\/div>\n\t\t<\/div>\n\t\t\t\t\t\t<\/div>\n\t\t\t\t<\/div>\n\t\t\t\t\t<\/div>\n\t\t<\/div>\n\t\t\t\t\t<\/div>\n\t\t<\/section>\n\t\t\t\t<section class=\"elementor-section elementor-top-section elementor-element elementor-element-1f2f8894 elementor-section-boxed elementor-section-height-default elementor-section-height-default sc_fly_static\" data-id=\"1f2f8894\" data-element_type=\"section\">\n\t\t\t\t\t\t<div class=\"elementor-container elementor-column-gap-extended\">\n\t\t\t\t\t<div class=\"elementor-column elementor-col-100 elementor-top-column elementor-element elementor-element-c643e59 sc_content_align_inherit sc_layouts_column_icons_position_left sc_fly_static\" data-id=\"c643e59\" data-element_type=\"column\">\n\t\t\t<div class=\"elementor-widget-wrap elementor-element-populated\">\n\t\t\t\t\t\t<div class=\"elementor-element elementor-element-55413d6c sc_fly_static elementor-widget elementor-widget-trx_sc_title\" data-id=\"55413d6c\" data-element_type=\"widget\" data-widget_type=\"trx_sc_title.default\">\n\t\t\t\t<div class=\"elementor-widget-container\">\n\t\t\t\t\t<div\t\tclass=\"sc_title sc_title_default\" ><h1 class=\"sc_item_title sc_title_title sc_item_title_style_default sc_item_title_tag\"\n\t\t\t><span class=\"sc_item_title_text\">Sehr geehrte Kunden,<\/span><\/h1><\/div>\t\t\t\t<\/div>\n\t\t\t\t<\/div>\n\t\t\t\t<div class=\"elementor-element elementor-element-25bd66f9 sc_height_tiny sc_fly_static elementor-widget elementor-widget-spacer\" data-id=\"25bd66f9\" data-element_type=\"widget\" data-widget_type=\"spacer.default\">\n\t\t\t\t<div class=\"elementor-widget-container\">\n\t\t\t\t\t\t\t<div class=\"elementor-spacer\">\n\t\t\t<div class=\"elementor-spacer-inner\"><\/div>\n\t\t<\/div>\n\t\t\t\t\t\t<\/div>\n\t\t\t\t<\/div>\n\t\t\t\t<div class=\"elementor-element elementor-element-250f8c4a sc_fly_static elementor-widget elementor-widget-text-editor\" data-id=\"250f8c4a\" data-element_type=\"widget\" data-widget_type=\"text-editor.default\">\n\t\t\t\t<div class=\"elementor-widget-container\">\n\t\t\t\t\t\t\t\t\t<p>Unser vorrangiges Ziel ist die Entwicklung eines sicheren und anpassbaren Theme-Frameworks, das die Bed\u00fcrfnisse des Endbenutzers erf\u00fcllt. Daher k\u00f6nnen unsere Kunden mit unseren Vorlagen kinderleicht Webseiten erstellen! Dieser Prozess erfordert nur minimale Kenntnisse in WordPress und Programmierung, und eine ausf\u00fchrliche Dokumentation sowie unser Support-Team stehen Ihnen jederzeit zur Verf\u00fcgung. Wir bitten Sie jedoch zu bedenken, dass Probleme manchmal nicht aufgrund von Fehlfunktionen der Vorlagen auftreten. Es kann Situationen geben, in denen es nicht von uns und dem Framework abh\u00e4ngt. Zum Beispiel Servereinstellungen, zus\u00e4tzliche Funktionen, die eine tiefgreifende Dateianpassung erfordern, oder die Verwendung zus\u00e4tzlicher Plugins. Und nat\u00fcrlich der Versuch, eine Webseite in sehr kurzer Zeit zu erstellen.      <\/p><p>Wir kennen unser Theme-Framework perfekt und verf\u00fcgen \u00fcber ein hochprofessionelles Entwicklerteam. Sie helfen Ihnen bei der Entwicklung der Webseite, die Sie ben\u00f6tigen. Wenn Sie eine Anpassung der Webseite ben\u00f6tigen, wenden Sie sich f\u00fcr weitere Informationen an unser Support-System: <a href=\"https:\/\/themerex.net\/support\/\" target=\"_blank\" rel=\"noopener noreferrer\">https:\/\/themerex.net\/support\/<\/a>  <\/p>\t\t\t\t\t\t\t\t<\/div>\n\t\t\t\t<\/div>\n\t\t\t\t\t<\/div>\n\t\t<\/div>\n\t\t\t\t\t<\/div>\n\t\t<\/section>\n\t\t\t\t<section class=\"elementor-section elementor-top-section elementor-element elementor-element-7c28d59e elementor-section-boxed elementor-section-height-default elementor-section-height-default sc_fly_static\" data-id=\"7c28d59e\" data-element_type=\"section\">\n\t\t\t\t\t\t<div class=\"elementor-container elementor-column-gap-extended\">\n\t\t\t\t\t<div class=\"elementor-column elementor-col-100 elementor-top-column elementor-element elementor-element-1fc59ffc sc_content_align_inherit sc_layouts_column_icons_position_left sc_fly_static\" data-id=\"1fc59ffc\" data-element_type=\"column\">\n\t\t\t<div class=\"elementor-widget-wrap elementor-element-populated\">\n\t\t\t\t\t\t<div class=\"elementor-element elementor-element-41471ef6 sc_height_huge sc_fly_static elementor-widget elementor-widget-spacer\" data-id=\"41471ef6\" data-element_type=\"widget\" data-widget_type=\"spacer.default\">\n\t\t\t\t<div class=\"elementor-widget-container\">\n\t\t\t\t\t\t\t<div class=\"elementor-spacer\">\n\t\t\t<div class=\"elementor-spacer-inner\"><\/div>\n\t\t<\/div>\n\t\t\t\t\t\t<\/div>\n\t\t\t\t<\/div>\n\t\t\t\t<div class=\"elementor-element elementor-element-fc11123 sc_fly_static elementor-widget elementor-widget-spacer\" data-id=\"fc11123\" data-element_type=\"widget\" data-widget_type=\"spacer.default\">\n\t\t\t\t<div class=\"elementor-widget-container\">\n\t\t\t\t\t\t\t<div class=\"elementor-spacer\">\n\t\t\t<div class=\"elementor-spacer-inner\"><\/div>\n\t\t<\/div>\n\t\t\t\t\t\t<\/div>\n\t\t\t\t<\/div>\n\t\t\t\t<div class=\"elementor-element elementor-element-53f73a68 elementor-widget-divider--view-line sc_fly_static elementor-widget elementor-widget-divider\" data-id=\"53f73a68\" data-element_type=\"widget\" data-widget_type=\"divider.default\">\n\t\t\t\t<div class=\"elementor-widget-container\">\n\t\t\t\t\t\t\t<div class=\"elementor-divider\">\n\t\t\t<span class=\"elementor-divider-separator\">\n\t\t\t\t\t\t<\/span>\n\t\t<\/div>\n\t\t\t\t\t\t<\/div>\n\t\t\t\t<\/div>\n\t\t\t\t\t<\/div>\n\t\t<\/div>\n\t\t\t\t\t<\/div>\n\t\t<\/section>\n\t\t\t\t<section class=\"elementor-section elementor-top-section elementor-element elementor-element-43299d86 elementor-section-boxed elementor-section-height-default elementor-section-height-default sc_fly_static\" data-id=\"43299d86\" data-element_type=\"section\">\n\t\t\t\t\t\t<div class=\"elementor-container elementor-column-gap-extended\">\n\t\t\t\t\t<div class=\"elementor-column elementor-col-100 elementor-top-column elementor-element elementor-element-516d7360 sc_content_align_inherit sc_layouts_column_icons_position_left sc_fly_static\" data-id=\"516d7360\" data-element_type=\"column\">\n\t\t\t<div class=\"elementor-widget-wrap elementor-element-populated\">\n\t\t\t\t\t\t<div class=\"elementor-element elementor-element-7a1d34ef sc_height_huge sc_fly_static elementor-widget elementor-widget-spacer\" data-id=\"7a1d34ef\" data-element_type=\"widget\" data-widget_type=\"spacer.default\">\n\t\t\t\t<div class=\"elementor-widget-container\">\n\t\t\t\t\t\t\t<div class=\"elementor-spacer\">\n\t\t\t<div class=\"elementor-spacer-inner\"><\/div>\n\t\t<\/div>\n\t\t\t\t\t\t<\/div>\n\t\t\t\t<\/div>\n\t\t\t\t<div class=\"elementor-element elementor-element-9b19db5 sc_fly_static elementor-widget elementor-widget-spacer\" data-id=\"9b19db5\" data-element_type=\"widget\" data-widget_type=\"spacer.default\">\n\t\t\t\t<div class=\"elementor-widget-container\">\n\t\t\t\t\t\t\t<div class=\"elementor-spacer\">\n\t\t\t<div class=\"elementor-spacer-inner\"><\/div>\n\t\t<\/div>\n\t\t\t\t\t\t<\/div>\n\t\t\t\t<\/div>\n\t\t\t\t<div class=\"elementor-element elementor-element-351b395c sc_fly_static elementor-widget elementor-widget-trx_sc_title\" data-id=\"351b395c\" data-element_type=\"widget\" data-widget_type=\"trx_sc_title.default\">\n\t\t\t\t<div class=\"elementor-widget-container\">\n\t\t\t\t\t<div\t\tclass=\"sc_title sc_title_default\" ><span class=\"sc_item_subtitle sc_title_subtitle sc_align_center sc_item_subtitle_above sc_item_title_style_default\">Anpassung<\/span><h1 class=\"sc_item_title sc_title_title sc_align_center sc_item_title_style_default sc_item_title_tag\"\n\t\t\t><span class=\"sc_item_title_text\">Pakete<\/span><\/h1><\/div>\t\t\t\t<\/div>\n\t\t\t\t<\/div>\n\t\t\t\t\t<\/div>\n\t\t<\/div>\n\t\t\t\t\t<\/div>\n\t\t<\/section>\n\t\t\t\t<section class=\"elementor-section elementor-top-section elementor-element elementor-element-c772a6b elementor-section-boxed elementor-section-height-default elementor-section-height-default sc_fly_static\" data-id=\"c772a6b\" data-element_type=\"section\">\n\t\t\t\t\t\t<div class=\"elementor-container elementor-column-gap-extended\">\n\t\t\t\t\t<div class=\"elementor-column elementor-col-100 elementor-top-column elementor-element elementor-element-640adbef sc_content_align_inherit sc_layouts_column_icons_position_left sc_fly_static\" data-id=\"640adbef\" data-element_type=\"column\">\n\t\t\t<div class=\"elementor-widget-wrap elementor-element-populated\">\n\t\t\t\t\t\t<div class=\"elementor-element elementor-element-11cf8e7f sc_height_small sc_fly_static elementor-widget elementor-widget-spacer\" data-id=\"11cf8e7f\" data-element_type=\"widget\" data-widget_type=\"spacer.default\">\n\t\t\t\t<div class=\"elementor-widget-container\">\n\t\t\t\t\t\t\t<div class=\"elementor-spacer\">\n\t\t\t<div class=\"elementor-spacer-inner\"><\/div>\n\t\t<\/div>\n\t\t\t\t\t\t<\/div>\n\t\t\t\t<\/div>\n\t\t\t\t\t<\/div>\n\t\t<\/div>\n\t\t\t\t\t<\/div>\n\t\t<\/section>\n\t\t\t\t<section class=\"elementor-section elementor-top-section elementor-element elementor-element-2e58d6ef elementor-section-boxed elementor-section-height-default elementor-section-height-default sc_fly_static\" data-id=\"2e58d6ef\" data-element_type=\"section\">\n\t\t\t\t\t\t<div class=\"elementor-container elementor-column-gap-extended\">\n\t\t\t\t\t<div class=\"elementor-column elementor-col-100 elementor-top-column elementor-element elementor-element-477fcda6 sc_content_align_inherit sc_layouts_column_icons_position_left sc_fly_static\" data-id=\"477fcda6\" data-element_type=\"column\">\n\t\t\t<div class=\"elementor-widget-wrap elementor-element-populated\">\n\t\t\t\t\t\t<div class=\"elementor-element elementor-element-4a9ff371 sc_fly_static elementor-widget elementor-widget-trx_sc_price\" data-id=\"4a9ff371\" data-element_type=\"widget\" data-widget_type=\"trx_sc_price.default\">\n\t\t\t\t<div class=\"elementor-widget-container\">\n\t\t\t\t\t<div  \r\n\tclass=\"sc_price sc_price_metro\"><div class=\"sc_price_columns_wrap sc_item_columns trx_addons_columns_wrap columns_padding_bottom columns_in_single_row\"><div class=\"trx_addons_column-1_3\"><div class=\"sc_price_item sc_price_item_metro\">\r\n\t\t\t<div class=\"sc_price_item_inner\"><div class=\"sc_price_item_info_top\"><h3 class=\"sc_price_item_title\"><span>Installation + Logo-\u00c4nderung<\/span><\/h3><\/div><div class=\"sc_price_item_info\"><div class=\"sc_price_item_price\"><span class=\"sc_price_item_price_before\">$<\/span><span class=\"sc_price_item_price_value\">45<\/span><\/div><div class=\"sc_price_item_details\"><ul>\n<li>Die Vorlage wird auf Ihrem Server genau so installiert, wie die Demo aussieht. Sie erhalten Zugriff auf das Admin-Panel, um Ihre Webseite zu verwalten. <\/li>\n<li>Wir ersetzen das Logo der Vorlage auf jeder Seite der Vorlage durch Ihr Logo. Das Logo muss von guter Qualit\u00e4t im Format .PSD, .EPS, .PNG, .JPG sein. Die Logo-Breite sollte 300px und 600px betragen<\/li>\n<\/ul>\n<\/div><\/div><!-- \/.sc_price_item_info --><\/div><!-- \/.sc_price_item_inner --><a href=\"https:\/\/themerex.net\/downloads\/theme-installation\/?utm_source=demosplus&#038;utm_medium=demosplus&#038;utm_campaign=demosplus\" class=\"sc_price_item_link sc_button\" target=\"_blank\" rel=\"noopener\">Nutzen Sie dieses Angebot<\/a><\/div><\/div><div class=\"trx_addons_column-1_3\"><div class=\"sc_price_item sc_price_active sc_price_item_metro\">\r\n\t\t\t<div class=\"sc_price_item_inner\"><div class=\"sc_price_item_info_top\"><h3 class=\"sc_price_item_title\"><span>Gebrauchsfertige Webseite<\/span><\/h3><\/div><div class=\"sc_price_item_info\"><div class=\"sc_price_item_price\"><span class=\"sc_price_item_price_before\">$<\/span><span class=\"sc_price_item_price_value\">469<\/span><\/div><div class=\"sc_price_item_details\"><ul>\n<li>Farbschema-Austausch<\/li>\n<li>Google Map mit Ihrer Adresse eingestellt<\/li>\n<li>Inhalts- und Bilderersetzung bis zu 6 Seiten (ohne Layout-\u00c4nderung)<\/li>\n<li>Entfernen von Elementen, die Sie auf Ihrer Webseite nicht ben\u00f6tigen<\/li>\n<li>Social-Icons-Set (ohne \u00c4nderung des Theme-Layouts)<\/li>\n<li>Farbschema-Austausch<\/li>\n<\/ul>\n<\/div><\/div><!-- \/.sc_price_item_info --><\/div><!-- \/.sc_price_item_inner --><a href=\"https:\/\/themerex.net\/downloads\/ready-use-website\/?utm_source=demosplus&#038;utm_medium=demosplus&#038;utm_campaign=demosplus\" class=\"sc_price_item_link sc_button\" target=\"_blank\" rel=\"noopener\">Nutzen Sie dieses Angebot<\/a><\/div><\/div><div class=\"trx_addons_column-1_3\"><div class=\"sc_price_item sc_price_item_metro\">\r\n\t\t\t<div class=\"sc_price_item_inner\"><div class=\"sc_price_item_info_top\"><h3 class=\"sc_price_item_title\"><span>Komplettes Webseiten-Paket<\/span><\/h3><\/div><div class=\"sc_price_item_info\"><div class=\"sc_price_item_price\"><span class=\"sc_price_item_price_before\">$<\/span><span class=\"sc_price_item_price_value\">699<\/span><\/div><div class=\"sc_price_item_details\"><ul>\n<li>WordPress- und Theme-Installation<\/li>\n<li>Anpassung der Webseite<\/li>\n<li>Inhaltsentwicklung (15 lizenzfreie Bilder)<\/li>\n<li>Inhaltseinrichtung (Hinzuf\u00fcgen von 6 Seiten, 6 Beitr\u00e4gen, Revolution Slider)<\/li>\n<li>SEO-Grundlagen<\/li>\n<li>Webseiten-Geschwindigkeitsoptimierung<\/li>\n<\/ul>\n<\/div><\/div><!-- \/.sc_price_item_info --><\/div><!-- \/.sc_price_item_inner --><a href=\"https:\/\/themerex.net\/downloads\/full-website-package\/?utm_source=demosplus&#038;utm_medium=demosplus&#038;utm_campaign=demosplus\" class=\"sc_price_item_link sc_button\" target=\"_blank\" rel=\"noopener\">Nutzen Sie dieses Angebot<\/a><\/div><\/div><\/div><\/div><!-- \/.sc_price -->\t\t\t\t<\/div>\n\t\t\t\t<\/div>\n\t\t\t\t\t<\/div>\n\t\t<\/div>\n\t\t\t\t\t<\/div>\n\t\t<\/section>\n\t\t\t\t<section class=\"elementor-section elementor-top-section elementor-element elementor-element-3818465a elementor-section-boxed elementor-section-height-default elementor-section-height-default sc_fly_static\" data-id=\"3818465a\" data-element_type=\"section\">\n\t\t\t\t\t\t<div class=\"elementor-container elementor-column-gap-extended\">\n\t\t\t\t\t<div class=\"elementor-column elementor-col-100 elementor-top-column elementor-element elementor-element-4a186b12 sc_content_align_inherit sc_layouts_column_icons_position_left sc_fly_static\" data-id=\"4a186b12\" data-element_type=\"column\">\n\t\t\t<div class=\"elementor-widget-wrap elementor-element-populated\">\n\t\t\t\t\t\t<div class=\"elementor-element elementor-element-46444925 sc_height_huge sc_fly_static elementor-widget elementor-widget-spacer\" data-id=\"46444925\" data-element_type=\"widget\" data-widget_type=\"spacer.default\">\n\t\t\t\t<div class=\"elementor-widget-container\">\n\t\t\t\t\t\t\t<div class=\"elementor-spacer\">\n\t\t\t<div class=\"elementor-spacer-inner\"><\/div>\n\t\t<\/div>\n\t\t\t\t\t\t<\/div>\n\t\t\t\t<\/div>\n\t\t\t\t<div class=\"elementor-element elementor-element-11cb67a sc_fly_static elementor-widget elementor-widget-spacer\" data-id=\"11cb67a\" data-element_type=\"widget\" data-widget_type=\"spacer.default\">\n\t\t\t\t<div class=\"elementor-widget-container\">\n\t\t\t\t\t\t\t<div class=\"elementor-spacer\">\n\t\t\t<div class=\"elementor-spacer-inner\"><\/div>\n\t\t<\/div>\n\t\t\t\t\t\t<\/div>\n\t\t\t\t<\/div>\n\t\t\t\t\t<\/div>\n\t\t<\/div>\n\t\t\t\t\t<\/div>\n\t\t<\/section>\n\t\t\t\t<\/div>\n\t\t","protected":false},"excerpt":{"rendered":"<p>Sehr geehrte Kunden, Unser vorrangiges Ziel ist die Entwicklung eines sicheren und anpassbaren Theme-Frameworks, das die Bed\u00fcrfnisse des Endbenutzers erf\u00fcllt. Daher k\u00f6nnen unsere Kunden mit unseren Vorlagen kinderleicht Webseiten erstellen! Dieser Prozess&hellip;<\/p>\n","protected":false},"author":1,"featured_media":0,"parent":0,"menu_order":0,"comment_status":"closed","ping_status":"closed","template":"","meta":{"footnotes":""},"class_list":["post-25718","page","type-page","status-publish","hentry"],"_links":{"self":[{"href":"https:\/\/clinicamargarita.com\/de\/wp-json\/wp\/v2\/pages\/25718","targetHints":{"allow":["GET"]}}],"collection":[{"href":"https:\/\/clinicamargarita.com\/de\/wp-json\/wp\/v2\/pages"}],"about":[{"href":"https:\/\/clinicamargarita.com\/de\/wp-json\/wp\/v2\/types\/page"}],"author":[{"embeddable":true,"href":"https:\/\/clinicamargarita.com\/de\/wp-json\/wp\/v2\/users\/1"}],"replies":[{"embeddable":true,"href":"https:\/\/clinicamargarita.com\/de\/wp-json\/wp\/v2\/comments?post=25718"}],"version-history":[{"count":1,"href":"https:\/\/clinicamargarita.com\/de\/wp-json\/wp\/v2\/pages\/25718\/revisions"}],"predecessor-version":[{"id":25721,"href":"https:\/\/clinicamargarita.com\/de\/wp-json\/wp\/v2\/pages\/25718\/revisions\/25721"}],"wp:attachment":[{"href":"https:\/\/clinicamargarita.com\/de\/wp-json\/wp\/v2\/media?parent=25718"}],"curies":[{"name":"wp","href":"https:\/\/api.w.org\/{rel}","templated":true}]}}