{"id":25756,"date":"2020-08-27T08:23:10","date_gmt":"2020-08-27T07:23:10","guid":{"rendered":"https:\/\/clinicamargarita.com\/datenschutzrichtlinie\/"},"modified":"2025-10-19T22:15:03","modified_gmt":"2025-10-19T21:15:03","slug":"datenschutzrichtlinie","status":"publish","type":"page","link":"https:\/\/clinicamargarita.com\/de\/datenschutzrichtlinie\/","title":{"rendered":"Datenschutzerkl\u00e4rung<br><br>"},"content":{"rendered":"\t\t<div data-elementor-type=\"wp-page\" data-elementor-id=\"25756\" class=\"elementor elementor-25756 elementor-12954\" data-elementor-post-type=\"page\">\n\t\t\t\t\t\t<section class=\"elementor-section elementor-top-section elementor-element elementor-element-2d90d173 elementor-section-boxed elementor-section-height-default elementor-section-height-default sc_fly_static\" data-id=\"2d90d173\" data-element_type=\"section\" data-settings=\"{&quot;background_background&quot;:&quot;classic&quot;}\">\n\t\t\t\t\t\t<div class=\"elementor-container elementor-column-gap-extended\">\n\t\t\t\t\t<div class=\"elementor-column elementor-col-100 elementor-top-column elementor-element elementor-element-45294a64 sc_content_align_inherit sc_layouts_column_icons_position_left sc_fly_static\" data-id=\"45294a64\" data-element_type=\"column\">\n\t\t\t<div class=\"elementor-widget-wrap elementor-element-populated\">\n\t\t\t\t\t\t<div class=\"elementor-element elementor-element-6ddee20d sc_fly_static elementor-widget elementor-widget-text-editor\" data-id=\"6ddee20d\" data-element_type=\"widget\" data-widget_type=\"text-editor.default\">\n\t\t\t\t<div class=\"elementor-widget-container\">\n\t\t\t\t\t\t\t\t\t<h6><strong>1. Identit\u00e4t des Verantwortlichen f\u00fcr die Datenverarbeitung<\/strong><\/h6><p>Der Verantwortliche f\u00fcr die Verarbeitung der auf dieser Website erhobenen personenbezogenen Daten ist:<br><br><\/p><ul><li><p><b>Firmenname:<\/b> Cl\u00ednica Margarita Martinmingorance, S.L.U.<br><\/p><\/li><li><p><b>NIF:<\/b> B-75919225<\/p><\/li><li><p><b>Adresse:<\/b> C\/ Isla Margarita, 29, 35109 &#8211; El Tablero (Las Palmas), Spanien<\/p><\/li><li><p><b>Kontakt-E-Mail:<\/b> <code>info@clinicamargarita.com<\/code><\/p><\/li><\/ul>\t\t\t\t\t\t\t\t<\/div>\n\t\t\t\t<\/div>\n\t\t\t\t\t<\/div>\n\t\t<\/div>\n\t\t\t\t\t<\/div>\n\t\t<\/section>\n\t\t\t\t<section class=\"elementor-section elementor-top-section elementor-element elementor-element-4cb1f891 elementor-section-boxed elementor-section-height-default elementor-section-height-default sc_fly_static\" data-id=\"4cb1f891\" data-element_type=\"section\">\n\t\t\t\t\t\t<div class=\"elementor-container elementor-column-gap-extended\">\n\t\t\t\t\t<div class=\"elementor-column elementor-col-100 elementor-top-column elementor-element elementor-element-197299c8 sc_content_align_inherit sc_layouts_column_icons_position_left sc_fly_static\" data-id=\"197299c8\" data-element_type=\"column\">\n\t\t\t<div class=\"elementor-widget-wrap elementor-element-populated\">\n\t\t\t\t\t\t<div class=\"elementor-element elementor-element-3920be4e sc_fly_static elementor-widget elementor-widget-spacer\" data-id=\"3920be4e\" data-element_type=\"widget\" data-widget_type=\"spacer.default\">\n\t\t\t\t<div class=\"elementor-widget-container\">\n\t\t\t\t\t\t\t<div class=\"elementor-spacer\">\n\t\t\t<div class=\"elementor-spacer-inner\"><\/div>\n\t\t<\/div>\n\t\t\t\t\t\t<\/div>\n\t\t\t\t<\/div>\n\t\t\t\t\t<\/div>\n\t\t<\/div>\n\t\t\t\t\t<\/div>\n\t\t<\/section>\n\t\t\t\t<section class=\"elementor-section elementor-top-section elementor-element elementor-element-4a2eeb43 elementor-section-boxed elementor-section-height-default elementor-section-height-default sc_fly_static\" data-id=\"4a2eeb43\" data-element_type=\"section\" data-settings=\"{&quot;background_background&quot;:&quot;classic&quot;}\">\n\t\t\t\t\t\t<div class=\"elementor-container elementor-column-gap-extended\">\n\t\t\t\t\t<div class=\"elementor-column elementor-col-100 elementor-top-column elementor-element elementor-element-590798dd sc_content_align_inherit sc_layouts_column_icons_position_left sc_fly_static\" data-id=\"590798dd\" data-element_type=\"column\">\n\t\t\t<div class=\"elementor-widget-wrap elementor-element-populated\">\n\t\t\t\t\t\t<div class=\"elementor-element elementor-element-1c38b8e sc_fly_static elementor-widget elementor-widget-text-editor\" data-id=\"1c38b8e\" data-element_type=\"widget\" data-widget_type=\"text-editor.default\">\n\t\t\t\t<div class=\"elementor-widget-container\">\n\t\t\t\t\t\t\t\t\t<h5>2. Welche personenbezogenen Daten wir erfassen und warum<\/h5><ul><li><p><b>Kontaktformulare: <\/b>Wenn Sie uns \u00fcber ein Formular auf unserer Website kontaktieren, erfassen wir die von Ihnen angegebenen Daten (Name, E-Mail-Adresse, Telefonnummer und Nachricht) ausschlie\u00dflich, um Ihre Anfrage zu beantworten und einen m\u00f6glichen Termin zu vereinbaren.<br><\/p><\/li><li><p><b>Cookies und Nutzungsdaten:<\/b> Wir verwenden technische Cookies, die f\u00fcr den Betrieb der Website erforderlich sind. Au\u00dferdem nutzen wir Analyse-Cookies (Google Analytics), um anonym zu verstehen, wie Besucher unsere Website nutzen, und sie zu verbessern. Es werden keine personenbezogenen Daten gespeichert.  <\/p><\/li><\/ul>\t\t\t\t\t\t\t\t<\/div>\n\t\t\t\t<\/div>\n\t\t\t\t\t<\/div>\n\t\t<\/div>\n\t\t\t\t\t<\/div>\n\t\t<\/section>\n\t\t\t\t<section class=\"elementor-section elementor-top-section elementor-element elementor-element-130d837b elementor-section-boxed elementor-section-height-default elementor-section-height-default sc_fly_static\" data-id=\"130d837b\" data-element_type=\"section\">\n\t\t\t\t\t\t<div class=\"elementor-container elementor-column-gap-extended\">\n\t\t\t\t\t<div class=\"elementor-column elementor-col-100 elementor-top-column elementor-element elementor-element-7fbb804b sc_content_align_inherit sc_layouts_column_icons_position_left sc_fly_static\" data-id=\"7fbb804b\" data-element_type=\"column\">\n\t\t\t<div class=\"elementor-widget-wrap elementor-element-populated\">\n\t\t\t\t\t\t<div class=\"elementor-element elementor-element-14dd4d92 sc_fly_static elementor-widget elementor-widget-spacer\" data-id=\"14dd4d92\" data-element_type=\"widget\" data-widget_type=\"spacer.default\">\n\t\t\t\t<div class=\"elementor-widget-container\">\n\t\t\t\t\t\t\t<div class=\"elementor-spacer\">\n\t\t\t<div class=\"elementor-spacer-inner\"><\/div>\n\t\t<\/div>\n\t\t\t\t\t\t<\/div>\n\t\t\t\t<\/div>\n\t\t\t\t\t<\/div>\n\t\t<\/div>\n\t\t\t\t\t<\/div>\n\t\t<\/section>\n\t\t\t\t<section class=\"elementor-section elementor-top-section elementor-element elementor-element-3c4c8296 elementor-section-boxed elementor-section-height-default elementor-section-height-default sc_fly_static\" data-id=\"3c4c8296\" data-element_type=\"section\" data-settings=\"{&quot;background_background&quot;:&quot;classic&quot;}\">\n\t\t\t\t\t\t<div class=\"elementor-container elementor-column-gap-extended\">\n\t\t\t\t\t<div class=\"elementor-column elementor-col-100 elementor-top-column elementor-element elementor-element-1c2e80d sc_content_align_inherit sc_layouts_column_icons_position_left sc_fly_static\" data-id=\"1c2e80d\" data-element_type=\"column\">\n\t\t\t<div class=\"elementor-widget-wrap elementor-element-populated\">\n\t\t\t\t\t\t<div class=\"elementor-element elementor-element-11f1186e sc_fly_static elementor-widget elementor-widget-text-editor\" data-id=\"11f1186e\" data-element_type=\"widget\" data-widget_type=\"text-editor.default\">\n\t\t\t\t<div class=\"elementor-widget-container\">\n\t\t\t\t\t\t\t\t\t<h6><b>4. Wie lange wir Ihre Daten aufbewahren<\/b><\/h6><p>Daten, die \u00fcber Kontaktformulare \u00fcbermittelt werden, werden so lange gespeichert, wie es zur Bearbeitung Ihrer Anfrage erforderlich ist, und anschlie\u00dfend gem\u00e4\u00df den gesetzlichen Aufbewahrungsfristen.  <\/p><h6><b>5. Ihre Rechte in Bezug auf Ihre Daten<\/b><\/h6><p>Daten, die \u00fcber Kontaktformulare \u00fcbermittelt werden, werden so lange gespeichert, wie es zur Bearbeitung Ihrer Anfrage erforderlich ist, und anschlie\u00dfend gem\u00e4\u00df den gesetzlichen Aufbewahrungsfristen.<\/p>\t\t\t\t\t\t\t\t<\/div>\n\t\t\t\t<\/div>\n\t\t\t\t\t<\/div>\n\t\t<\/div>\n\t\t\t\t\t<\/div>\n\t\t<\/section>\n\t\t\t\t<section class=\"elementor-section elementor-top-section elementor-element elementor-element-209c1a1a elementor-section-boxed elementor-section-height-default elementor-section-height-default sc_fly_static\" data-id=\"209c1a1a\" data-element_type=\"section\">\n\t\t\t\t\t\t<div class=\"elementor-container elementor-column-gap-extended\">\n\t\t\t\t\t<div class=\"elementor-column elementor-col-100 elementor-top-column elementor-element elementor-element-f4881dc sc_content_align_inherit sc_layouts_column_icons_position_left sc_fly_static\" data-id=\"f4881dc\" data-element_type=\"column\">\n\t\t\t<div class=\"elementor-widget-wrap elementor-element-populated\">\n\t\t\t\t\t\t<div class=\"elementor-element elementor-element-194c4608 sc_fly_static elementor-widget elementor-widget-spacer\" data-id=\"194c4608\" data-element_type=\"widget\" data-widget_type=\"spacer.default\">\n\t\t\t\t<div class=\"elementor-widget-container\">\n\t\t\t\t\t\t\t<div class=\"elementor-spacer\">\n\t\t\t<div class=\"elementor-spacer-inner\"><\/div>\n\t\t<\/div>\n\t\t\t\t\t\t<\/div>\n\t\t\t\t<\/div>\n\t\t\t\t\t<\/div>\n\t\t<\/div>\n\t\t\t\t\t<\/div>\n\t\t<\/section>\n\t\t\t\t<section class=\"elementor-section elementor-top-section elementor-element elementor-element-5c9fa42c elementor-section-boxed elementor-section-height-default elementor-section-height-default sc_fly_static\" data-id=\"5c9fa42c\" data-element_type=\"section\" data-settings=\"{&quot;background_background&quot;:&quot;classic&quot;}\">\n\t\t\t\t\t\t<div class=\"elementor-container elementor-column-gap-extended\">\n\t\t\t\t\t<div class=\"elementor-column elementor-col-100 elementor-top-column elementor-element elementor-element-272a1c6a sc_content_align_inherit sc_layouts_column_icons_position_left sc_fly_static\" data-id=\"272a1c6a\" data-element_type=\"column\">\n\t\t\t<div class=\"elementor-widget-wrap elementor-element-populated\">\n\t\t\t\t\t\t<div class=\"elementor-element elementor-element-3dfa6d3f sc_fly_static elementor-widget elementor-widget-text-editor\" data-id=\"3dfa6d3f\" data-element_type=\"widget\" data-widget_type=\"text-editor.default\">\n\t\t\t\t<div class=\"elementor-widget-container\">\n\t\t\t\t\t\t\t\t\t<h6><b>5. Ihre Rechte in Bezug auf Ihre Daten<\/b><\/h6><p>Sie haben das Recht auf:<\/p><ul><li><p>Zugriff auf Ihre personenbezogenen Daten zu verlangen.<\/p><\/li><li><p>Berichtigung oder L\u00f6schung Ihrer Daten zu verlangen.<\/p><\/li><li><p>Einschr\u00e4nkung der Verarbeitung zu verlangen.<\/p><\/li><li><p>Der Verarbeitung zu widersprechen.<\/p><\/li><li><p>Daten\u00fcbertragbarkeit zu verlangen.<\/p><\/li><\/ul><p>Zur Aus\u00fcbung dieser Rechte kontaktieren Sie uns bitte \u00fcber unsere E-Mail-Adresse.<\/p><h6><b>6. Sicherheitsma\u00dfnahmen<\/b><\/h6><p>Wir verwenden auf der gesamten Website das SSL\/HTTPS-Protokoll, um die Kommunikation zu verschl\u00fcsseln und Ihre Daten zu sch\u00fctzen, wodurch Sicherheit und Vertraulichkeit gew\u00e4hrleistet werden.<\/p>\t\t\t\t\t\t\t\t<\/div>\n\t\t\t\t<\/div>\n\t\t\t\t\t<\/div>\n\t\t<\/div>\n\t\t\t\t\t<\/div>\n\t\t<\/section>\n\t\t\t\t<section class=\"elementor-section elementor-top-section elementor-element elementor-element-53557063 elementor-section-boxed elementor-section-height-default elementor-section-height-default sc_fly_static\" data-id=\"53557063\" data-element_type=\"section\">\n\t\t\t\t\t\t<div class=\"elementor-container elementor-column-gap-extended\">\n\t\t\t\t\t<div class=\"elementor-column elementor-col-100 elementor-top-column elementor-element elementor-element-3ac89e9 sc_content_align_inherit sc_layouts_column_icons_position_left sc_fly_static\" data-id=\"3ac89e9\" data-element_type=\"column\">\n\t\t\t<div class=\"elementor-widget-wrap elementor-element-populated\">\n\t\t\t\t\t\t<div class=\"elementor-element elementor-element-1d33b5d3 sc_fly_static elementor-widget elementor-widget-spacer\" data-id=\"1d33b5d3\" data-element_type=\"widget\" data-widget_type=\"spacer.default\">\n\t\t\t\t<div class=\"elementor-widget-container\">\n\t\t\t\t\t\t\t<div class=\"elementor-spacer\">\n\t\t\t<div class=\"elementor-spacer-inner\"><\/div>\n\t\t<\/div>\n\t\t\t\t\t\t<\/div>\n\t\t\t\t<\/div>\n\t\t\t\t\t<\/div>\n\t\t<\/div>\n\t\t\t\t\t<\/div>\n\t\t<\/section>\n\t\t\t\t<section class=\"elementor-section elementor-top-section elementor-element elementor-element-54650226 elementor-section-boxed elementor-section-height-default elementor-section-height-default sc_fly_static\" data-id=\"54650226\" data-element_type=\"section\" data-settings=\"{&quot;background_background&quot;:&quot;classic&quot;}\">\n\t\t\t\t\t\t<div class=\"elementor-container elementor-column-gap-extended\">\n\t\t\t\t\t<div class=\"elementor-column elementor-col-100 elementor-top-column elementor-element elementor-element-4502f3fa sc_content_align_inherit sc_layouts_column_icons_position_left sc_fly_static\" data-id=\"4502f3fa\" data-element_type=\"column\">\n\t\t\t<div class=\"elementor-widget-wrap elementor-element-populated\">\n\t\t\t\t\t\t<div class=\"elementor-element elementor-element-1d8e1a0c sc_fly_static elementor-widget elementor-widget-text-editor\" data-id=\"1d8e1a0c\" data-element_type=\"widget\" data-widget_type=\"text-editor.default\">\n\t\t\t\t<div class=\"elementor-widget-container\">\n\t\t\t\t\t\t\t\t\t<h6><b>7. \u00c4nderungen der Datenschutzrichtlinie<\/b><\/h6><p>Wir behalten uns das Recht vor, diese Richtlinie zu \u00e4ndern, um sie an gesetzliche Neuerungen anzupassen. Alle \u00c4nderungen werden ordnungsgem\u00e4\u00df auf dieser Website ver\u00f6ffentlicht.<br> <\/p>\t\t\t\t\t\t\t\t<\/div>\n\t\t\t\t<\/div>\n\t\t\t\t\t<\/div>\n\t\t<\/div>\n\t\t\t\t\t<\/div>\n\t\t<\/section>\n\t\t\t\t<section class=\"elementor-section elementor-top-section elementor-element elementor-element-6a3b82d9 elementor-section-boxed elementor-section-height-default elementor-section-height-default sc_fly_static\" data-id=\"6a3b82d9\" data-element_type=\"section\">\n\t\t\t\t\t\t<div class=\"elementor-container elementor-column-gap-extended\">\n\t\t\t\t\t<div class=\"elementor-column elementor-col-100 elementor-top-column elementor-element elementor-element-4dbe5c5c sc_content_align_inherit sc_layouts_column_icons_position_left sc_fly_static\" data-id=\"4dbe5c5c\" data-element_type=\"column\">\n\t\t\t<div class=\"elementor-widget-wrap elementor-element-populated\">\n\t\t\t\t\t\t<div class=\"elementor-element elementor-element-7369a0b4 sc_fly_static elementor-widget elementor-widget-spacer\" data-id=\"7369a0b4\" data-element_type=\"widget\" data-widget_type=\"spacer.default\">\n\t\t\t\t<div class=\"elementor-widget-container\">\n\t\t\t\t\t\t\t<div class=\"elementor-spacer\">\n\t\t\t<div class=\"elementor-spacer-inner\"><\/div>\n\t\t<\/div>\n\t\t\t\t\t\t<\/div>\n\t\t\t\t<\/div>\n\t\t\t\t\t<\/div>\n\t\t<\/div>\n\t\t\t\t\t<\/div>\n\t\t<\/section>\n\t\t\t\t<section class=\"elementor-section elementor-top-section elementor-element elementor-element-4f1943ba elementor-section-boxed elementor-section-height-default elementor-section-height-default sc_fly_static\" data-id=\"4f1943ba\" data-element_type=\"section\" data-settings=\"{&quot;background_background&quot;:&quot;classic&quot;}\">\n\t\t\t\t\t\t<div class=\"elementor-container elementor-column-gap-extended\">\n\t\t\t\t\t<div class=\"elementor-column elementor-col-100 elementor-top-column elementor-element elementor-element-59b29791 sc_content_align_inherit sc_layouts_column_icons_position_left sc_fly_static\" data-id=\"59b29791\" data-element_type=\"column\">\n\t\t\t<div class=\"elementor-widget-wrap\">\n\t\t\t\t\t\t\t<\/div>\n\t\t<\/div>\n\t\t\t\t\t<\/div>\n\t\t<\/section>\n\t\t\t\t<section class=\"elementor-section elementor-top-section elementor-element elementor-element-586dfc11 elementor-section-boxed elementor-section-height-default elementor-section-height-default sc_fly_static\" data-id=\"586dfc11\" data-element_type=\"section\">\n\t\t\t\t\t\t<div class=\"elementor-container elementor-column-gap-extended\">\n\t\t\t\t\t<div class=\"elementor-column elementor-col-100 elementor-top-column elementor-element elementor-element-5feaef9d sc_content_align_inherit sc_layouts_column_icons_position_left sc_fly_static\" data-id=\"5feaef9d\" data-element_type=\"column\">\n\t\t\t<div class=\"elementor-widget-wrap\">\n\t\t\t\t\t\t\t<\/div>\n\t\t<\/div>\n\t\t\t\t\t<\/div>\n\t\t<\/section>\n\t\t\t\t<section class=\"elementor-section elementor-top-section elementor-element elementor-element-6ec445d1 elementor-section-boxed elementor-section-height-default elementor-section-height-default sc_fly_static\" data-id=\"6ec445d1\" data-element_type=\"section\" data-settings=\"{&quot;background_background&quot;:&quot;classic&quot;}\">\n\t\t\t\t\t\t<div class=\"elementor-container elementor-column-gap-extended\">\n\t\t\t\t\t<div class=\"elementor-column elementor-col-100 elementor-top-column elementor-element elementor-element-1abfc8c0 sc_content_align_inherit sc_layouts_column_icons_position_left sc_fly_static\" data-id=\"1abfc8c0\" data-element_type=\"column\">\n\t\t\t<div class=\"elementor-widget-wrap\">\n\t\t\t\t\t\t\t<\/div>\n\t\t<\/div>\n\t\t\t\t\t<\/div>\n\t\t<\/section>\n\t\t\t\t<section class=\"elementor-section elementor-top-section elementor-element elementor-element-65c916af elementor-section-boxed elementor-section-height-default elementor-section-height-default sc_fly_static\" data-id=\"65c916af\" data-element_type=\"section\">\n\t\t\t\t\t\t<div class=\"elementor-container elementor-column-gap-extended\">\n\t\t\t\t\t<div class=\"elementor-column elementor-col-100 elementor-top-column elementor-element elementor-element-20960827 sc_content_align_inherit sc_layouts_column_icons_position_left sc_fly_static\" data-id=\"20960827\" data-element_type=\"column\">\n\t\t\t<div class=\"elementor-widget-wrap\">\n\t\t\t\t\t\t\t<\/div>\n\t\t<\/div>\n\t\t\t\t\t<\/div>\n\t\t<\/section>\n\t\t\t\t<section class=\"elementor-section elementor-top-section elementor-element elementor-element-51b6dfd2 elementor-section-boxed elementor-section-height-default elementor-section-height-default sc_fly_static\" data-id=\"51b6dfd2\" data-element_type=\"section\" data-settings=\"{&quot;background_background&quot;:&quot;classic&quot;}\">\n\t\t\t\t\t\t<div class=\"elementor-container elementor-column-gap-extended\">\n\t\t\t\t\t<div class=\"elementor-column elementor-col-100 elementor-top-column elementor-element elementor-element-22bb717d sc_content_align_inherit sc_layouts_column_icons_position_left sc_fly_static\" data-id=\"22bb717d\" data-element_type=\"column\">\n\t\t\t<div class=\"elementor-widget-wrap\">\n\t\t\t\t\t\t\t<\/div>\n\t\t<\/div>\n\t\t\t\t\t<\/div>\n\t\t<\/section>\n\t\t\t\t<section class=\"elementor-section elementor-top-section elementor-element elementor-element-2e1c8549 elementor-section-boxed elementor-section-height-default elementor-section-height-default sc_fly_static\" data-id=\"2e1c8549\" data-element_type=\"section\">\n\t\t\t\t\t\t<div class=\"elementor-container elementor-column-gap-extended\">\n\t\t\t\t\t<div class=\"elementor-column elementor-col-100 elementor-top-column elementor-element elementor-element-6f43772e sc_content_align_inherit sc_layouts_column_icons_position_left sc_fly_static\" data-id=\"6f43772e\" data-element_type=\"column\">\n\t\t\t<div class=\"elementor-widget-wrap\">\n\t\t\t\t\t\t\t<\/div>\n\t\t<\/div>\n\t\t\t\t\t<\/div>\n\t\t<\/section>\n\t\t\t\t<section class=\"elementor-section elementor-top-section elementor-element elementor-element-4518a85a elementor-section-boxed elementor-section-height-default elementor-section-height-default sc_fly_static\" data-id=\"4518a85a\" data-element_type=\"section\" data-settings=\"{&quot;background_background&quot;:&quot;classic&quot;}\">\n\t\t\t\t\t\t<div class=\"elementor-container elementor-column-gap-extended\">\n\t\t\t\t\t<div class=\"elementor-column elementor-col-100 elementor-top-column elementor-element elementor-element-48b86b9d sc_content_align_inherit sc_layouts_column_icons_position_left sc_fly_static\" data-id=\"48b86b9d\" data-element_type=\"column\">\n\t\t\t<div class=\"elementor-widget-wrap\">\n\t\t\t\t\t\t\t<\/div>\n\t\t<\/div>\n\t\t\t\t\t<\/div>\n\t\t<\/section>\n\t\t\t\t<section class=\"elementor-section elementor-top-section elementor-element elementor-element-4a0a1255 elementor-section-boxed elementor-section-height-default elementor-section-height-default sc_fly_static\" data-id=\"4a0a1255\" data-element_type=\"section\">\n\t\t\t\t\t\t<div class=\"elementor-container elementor-column-gap-extended\">\n\t\t\t\t\t<div class=\"elementor-column elementor-col-100 elementor-top-column elementor-element elementor-element-2efc67b0 sc_content_align_inherit sc_layouts_column_icons_position_left sc_fly_static\" data-id=\"2efc67b0\" data-element_type=\"column\">\n\t\t\t<div class=\"elementor-widget-wrap elementor-element-populated\">\n\t\t\t\t\t\t<div class=\"elementor-element elementor-element-1cc4ca32 sc_fly_static elementor-widget elementor-widget-spacer\" data-id=\"1cc4ca32\" data-element_type=\"widget\" data-widget_type=\"spacer.default\">\n\t\t\t\t<div class=\"elementor-widget-container\">\n\t\t\t\t\t\t\t<div class=\"elementor-spacer\">\n\t\t\t<div class=\"elementor-spacer-inner\"><\/div>\n\t\t<\/div>\n\t\t\t\t\t\t<\/div>\n\t\t\t\t<\/div>\n\t\t\t\t\t<\/div>\n\t\t<\/div>\n\t\t\t\t\t<\/div>\n\t\t<\/section>\n\t\t\t\t<section class=\"elementor-section elementor-top-section elementor-element elementor-element-656f47e7 elementor-section-boxed elementor-section-height-default elementor-section-height-default sc_fly_static\" data-id=\"656f47e7\" data-element_type=\"section\">\n\t\t\t\t\t\t<div class=\"elementor-container elementor-column-gap-extended\">\n\t\t\t\t\t<div class=\"elementor-column elementor-col-100 elementor-top-column elementor-element elementor-element-7ccc11f0 sc_content_align_inherit sc_layouts_column_icons_position_left sc_fly_static\" data-id=\"7ccc11f0\" data-element_type=\"column\">\n\t\t\t<div class=\"elementor-widget-wrap elementor-element-populated\">\n\t\t\t\t\t\t<div class=\"elementor-element elementor-element-1585b2e sc_fly_static elementor-widget elementor-widget-spacer\" data-id=\"1585b2e\" data-element_type=\"widget\" data-widget_type=\"spacer.default\">\n\t\t\t\t<div class=\"elementor-widget-container\">\n\t\t\t\t\t\t\t<div class=\"elementor-spacer\">\n\t\t\t<div class=\"elementor-spacer-inner\"><\/div>\n\t\t<\/div>\n\t\t\t\t\t\t<\/div>\n\t\t\t\t<\/div>\n\t\t\t\t\t<\/div>\n\t\t<\/div>\n\t\t\t\t\t<\/div>\n\t\t<\/section>\n\t\t\t\t<\/div>\n\t\t","protected":false},"excerpt":{"rendered":"<p>1. Identit\u00e4t des Verantwortlichen f\u00fcr die Datenverarbeitung Der Verantwortliche f\u00fcr die Verarbeitung der auf dieser Website erhobenen personenbezogenen Daten ist: Firmenname: Cl\u00ednica Margarita Martinmingorance, S.L.U. NIF: B-75919225 Adresse: C\/ Isla Margarita, 29,&hellip;<\/p>\n","protected":false},"author":1,"featured_media":0,"parent":0,"menu_order":0,"comment_status":"closed","ping_status":"closed","template":"","meta":{"footnotes":""},"class_list":["post-25756","page","type-page","status-publish","hentry"],"_links":{"self":[{"href":"https:\/\/clinicamargarita.com\/de\/wp-json\/wp\/v2\/pages\/25756","targetHints":{"allow":["GET"]}}],"collection":[{"href":"https:\/\/clinicamargarita.com\/de\/wp-json\/wp\/v2\/pages"}],"about":[{"href":"https:\/\/clinicamargarita.com\/de\/wp-json\/wp\/v2\/types\/page"}],"author":[{"embeddable":true,"href":"https:\/\/clinicamargarita.com\/de\/wp-json\/wp\/v2\/users\/1"}],"replies":[{"embeddable":true,"href":"https:\/\/clinicamargarita.com\/de\/wp-json\/wp\/v2\/comments?post=25756"}],"version-history":[{"count":3,"href":"https:\/\/clinicamargarita.com\/de\/wp-json\/wp\/v2\/pages\/25756\/revisions"}],"predecessor-version":[{"id":26143,"href":"https:\/\/clinicamargarita.com\/de\/wp-json\/wp\/v2\/pages\/25756\/revisions\/26143"}],"wp:attachment":[{"href":"https:\/\/clinicamargarita.com\/de\/wp-json\/wp\/v2\/media?parent=25756"}],"curies":[{"name":"wp","href":"https:\/\/api.w.org\/{rel}","templated":true}]}}