{"id":26574,"date":"2025-11-23T22:23:09","date_gmt":"2025-11-23T22:23:09","guid":{"rendered":"https:\/\/clinicamargarita.com\/?page_id=26574"},"modified":"2025-11-23T23:45:57","modified_gmt":"2025-11-23T23:45:57","slug":"zahnarzt-maspalomas","status":"publish","type":"page","link":"https:\/\/clinicamargarita.com\/de\/zahnarzt-maspalomas\/","title":{"rendered":"Zahnarzt in Maspalomas \u2013 Zahnklinik auf Gran Canaria"},"content":{"rendered":"\n<p>Wenn Sie in Maspalomas oder irgendwo auf Gran Canaria sind und einen zuverl\u00e4ssigen Zahnarzt ben\u00f6tigen, bietet Cl\u00ednica Margarita moderne Behandlungen, freundliche Betreuung und klare Kommunikation f\u00fcr internationale Patienten.<\/p>\n\n<hr class=\"wp-block-separator has-alpha-channel-opacity\"\/>\n\n<h2 class=\"wp-block-heading\">Unsere Zahnbehandlungen<\/h2>\n\n<ul class=\"wp-block-list\">\n<li>Zahnimplantate<\/li>\n\n\n\n<li>\u00c4sthetische Zahnmedizin (Veneers, Aufhellung, Smile-Design)<\/li>\n\n\n\n<li>Kronen und Br\u00fccken<\/li>\n\n\n\n<li>Wurzelbehandlung<\/li>\n\n\n\n<li>Zahnreinigung und Kontrolluntersuchungen<\/li>\n\n\n\n<li>Notfallzahnarzt in Maspalomas<\/li>\n<\/ul>\n\n<hr class=\"wp-block-separator has-alpha-channel-opacity\"\/>\n\n<h2 class=\"wp-block-heading\">Warum uns internationale Patienten w\u00e4hlen<\/h2>\n\n<ul class=\"wp-block-list\">\n<li>Englischsprachiges Team<\/li>\n\n\n\n<li>Moderne Ausstattung und hochwertige Materialien<\/li>\n\n\n\n<li>Transparente Preise und ehrliche Behandlungspl\u00e4ne<\/li>\n\n\n\n<li>Schnelle Termine w\u00e4hrend Ihres Aufenthalts<\/li>\n\n\n\n<li>Erfahrung mit Patienten aus Norwegen, D\u00e4nemark, Schweden, Deutschland und dem Vereinigten K\u00f6nigreichK<\/li>\n<\/ul>\n\n<hr class=\"wp-block-separator has-alpha-channel-opacity\"\/>\n\n<h2 class=\"wp-block-heading\">Dentaltourismus auf Gran Canaria<\/h2>\n\n<p>Viele Reisende w\u00e4hlen Gran Canaria nicht nur f\u00fcr ihren Urlaub, sondern auch f\u00fcr eine Zahnbehandlung zu einem fairen Preis.<br\/>Wir helfen Ihnen, Ihre Termine w\u00e4hrend Ihres Aufenthalts zu koordinieren.<\/p>\n\n<hr class=\"wp-block-separator has-alpha-channel-opacity\"\/>\n\n<h2 class=\"wp-block-heading\">Standort \u2013 Maspalomas<\/h2>\n\n<p>Cl\u00ednica Margarita<br\/>(Adresse hier)<br\/>Einfache Parkm\u00f6glichkeiten \u2013 In der N\u00e4he von Hotels und Resorts<\/p>\n\n<hr class=\"wp-block-separator has-alpha-channel-opacity\"\/>\n\n<h2 class=\"wp-block-heading\">Termin buchen<\/h2>\n\n<p>Telefon: XXX XXX XXX<br\/>WhatsApp: XXX XXX XXX<br\/>Online-Formular: (Link einf\u00fcgen)<\/p>\n\n<p><\/p>\n","protected":false},"excerpt":{"rendered":"<p>Wenn Sie in Maspalomas oder irgendwo auf Gran Canaria sind und einen zuverl\u00e4ssigen Zahnarzt ben\u00f6tigen, bietet Cl\u00ednica Margarita moderne Behandlungen, freundliche Betreuung und klare Kommunikation f\u00fcr internationale Patienten. Unsere Zahnbehandlungen Warum uns&hellip;<\/p>\n","protected":false},"author":1,"featured_media":0,"parent":0,"menu_order":0,"comment_status":"closed","ping_status":"closed","template":"","meta":{"footnotes":""},"class_list":["post-26574","page","type-page","status-publish","hentry"],"_links":{"self":[{"href":"https:\/\/clinicamargarita.com\/de\/wp-json\/wp\/v2\/pages\/26574","targetHints":{"allow":["GET"]}}],"collection":[{"href":"https:\/\/clinicamargarita.com\/de\/wp-json\/wp\/v2\/pages"}],"about":[{"href":"https:\/\/clinicamargarita.com\/de\/wp-json\/wp\/v2\/types\/page"}],"author":[{"embeddable":true,"href":"https:\/\/clinicamargarita.com\/de\/wp-json\/wp\/v2\/users\/1"}],"replies":[{"embeddable":true,"href":"https:\/\/clinicamargarita.com\/de\/wp-json\/wp\/v2\/comments?post=26574"}],"version-history":[{"count":1,"href":"https:\/\/clinicamargarita.com\/de\/wp-json\/wp\/v2\/pages\/26574\/revisions"}],"predecessor-version":[{"id":26575,"href":"https:\/\/clinicamargarita.com\/de\/wp-json\/wp\/v2\/pages\/26574\/revisions\/26575"}],"wp:attachment":[{"href":"https:\/\/clinicamargarita.com\/de\/wp-json\/wp\/v2\/media?parent=26574"}],"curies":[{"name":"wp","href":"https:\/\/api.w.org\/{rel}","templated":true}]}}